{"id":681,"date":"2022-02-13T15:46:06","date_gmt":"2022-02-13T14:46:06","guid":{"rendered":"https:\/\/www.usopop.com\/fr\/?post_type=product&#038;p=681"},"modified":"2025-05-09T09:33:27","modified_gmt":"2025-05-09T07:33:27","slug":"before-its-vanished-rudiger-cd","status":"publish","type":"product","link":"https:\/\/www.usopop.com\/fr\/produit\/before-its-vanished-rudiger-cd\/","title":{"rendered":"Before it&rsquo;s vanished &#8211; R\u00fcdiger &#8211; CD"},"content":{"rendered":"<p><strong>CD Digipack<\/strong><\/p>\n<p>Premier album de R\u00fcdiger.<\/p>\n<p><iframe style=\"border: 0; width: 350px; height: 406px;\" src=\"https:\/\/bandcamp.com\/EmbeddedPlayer\/album=4185432108\/size=large\/bgcol=ffffff\/linkcol=333333\/artwork=none\/transparent=true\/\" seamless=\"\"><a href=\"https:\/\/rudiger-music.bandcamp.com\/album\/before-its-vanished\">Before it&rsquo;s vanished by R\u00fcdiger<\/a><\/iframe><\/p>\n<p>Morceaux \u00e9crits et compos\u00e9s par Felix Buff.<br \/>\nComposition additionnelle par Johannes Buff.<br \/>\nProduit et enregistr\u00e9 par Johannes Buff et Felix Buff \u00e0 Pe\u00f1a Borda, End Note, Mikrokosm et Shorebreaker.<br \/>\nMastering par Mamia Estudioak.<br \/>\nPeinture par Baptiste Ibar.<br \/>\nDesign par Felix Buff et Izukari.<\/p>\n<p><strong>USO006<\/strong><\/p>\n<p><em>Sorti le 18 D\u00e9cembre 2020<\/em><\/p>\n","protected":false},"excerpt":{"rendered":"<p><strong>CD Digipack<\/strong><\/p>\n<p>Premier album de R\u00fcdiger.<\/p>\n<p><strong>USO006<\/strong><\/p>\n<p><em>Sorti le 18 D\u00e9cembre 2020<\/em><\/p>\n","protected":false},"featured_media":1480,"template":"","meta":{"inline_featured_image":false,"_price":"12","_stock":"","_tribe_ticket_header":"","_tribe_default_ticket_provider":"","_tribe_ticket_capacity":"3","_ticket_start_date":"","_ticket_end_date":"","_tribe_ticket_show_description":"","_tribe_ticket_show_not_going":false,"_tribe_ticket_use_global_stock":"","_tribe_ticket_global_stock_level":"","_global_stock_mode":"","_global_stock_cap":"","_tribe_rsvp_for_event":"","_tribe_ticket_going_count":"","_tribe_ticket_not_going_count":"","_tribe_tickets_list":"[]","_tribe_ticket_has_attendee_info_fields":false},"product_brand":[],"product_cat":[20],"product_tag":[26],"class_list":{"0":"post-681","1":"product","2":"type-product","3":"status-publish","4":"has-post-thumbnail","6":"product_cat-cd","7":"product_tag-rudiger","8":"product_shipping_class-cd","9":"entry","11":"first","12":"instock","13":"downloadable","14":"shipping-taxable","15":"purchasable","16":"product-type-simple"},"yoast_head":"<!-- This site is optimized with the Yoast SEO plugin v27.3 - https:\/\/yoast.com\/product\/yoast-seo-wordpress\/ -->\n<title>Before it&#039;s vanished - R\u00fcdiger - CD - Usopop Diskak<\/title>\n<meta name=\"robots\" content=\"index, follow, max-snippet:-1, max-image-preview:large, max-video-preview:-1\" \/>\n<link rel=\"canonical\" href=\"https:\/\/www.usopop.com\/fr\/produit\/before-its-vanished-rudiger-cd\/\" \/>\n<meta property=\"og:locale\" content=\"fr_FR\" \/>\n<meta property=\"og:type\" content=\"article\" \/>\n<meta property=\"og:title\" content=\"Before it&#039;s vanished - R\u00fcdiger - CD - Usopop Diskak\" \/>\n<meta property=\"og:description\" content=\"CD Digipack  Premier album de R\u00fcdiger.  USO006  Sorti le 18 D\u00e9cembre 2020\" \/>\n<meta property=\"og:url\" content=\"https:\/\/www.usopop.com\/fr\/produit\/before-its-vanished-rudiger-cd\/\" \/>\n<meta property=\"og:site_name\" content=\"Usopop - Festival &amp; Label\" \/>\n<meta property=\"article:modified_time\" content=\"2025-05-09T07:33:27+00:00\" \/>\n<meta property=\"og:image\" content=\"http:\/\/www.usopop.com\/fr\/wp-content\/uploads\/sites\/3\/2022\/02\/Rudiger-Before-its-vanished-HD-Square-copie-1-scaled-1.jpg\" \/>\n\t<meta property=\"og:image:width\" content=\"2560\" \/>\n\t<meta property=\"og:image:height\" content=\"2560\" \/>\n\t<meta property=\"og:image:type\" content=\"image\/jpeg\" \/>\n<meta name=\"twitter:card\" content=\"summary_large_image\" \/>\n<meta name=\"twitter:label1\" content=\"Dur\u00e9e de lecture estim\u00e9e\" \/>\n\t<meta name=\"twitter:data1\" content=\"1 minute\" \/>\n<script type=\"application\/ld+json\" class=\"yoast-schema-graph\">{\"@context\":\"https:\\\/\\\/schema.org\",\"@graph\":[{\"@type\":\"WebPage\",\"@id\":\"https:\\\/\\\/www.usopop.com\\\/fr\\\/produit\\\/before-its-vanished-rudiger-cd\\\/\",\"url\":\"https:\\\/\\\/www.usopop.com\\\/fr\\\/produit\\\/before-its-vanished-rudiger-cd\\\/\",\"name\":\"Before it's vanished - R\u00fcdiger - CD - Usopop Diskak\",\"isPartOf\":{\"@id\":\"https:\\\/\\\/www.usopop.com\\\/fr\\\/#website\"},\"primaryImageOfPage\":{\"@id\":\"https:\\\/\\\/www.usopop.com\\\/fr\\\/produit\\\/before-its-vanished-rudiger-cd\\\/#primaryimage\"},\"image\":{\"@id\":\"https:\\\/\\\/www.usopop.com\\\/fr\\\/produit\\\/before-its-vanished-rudiger-cd\\\/#primaryimage\"},\"thumbnailUrl\":\"https:\\\/\\\/www.usopop.com\\\/fr\\\/wp-content\\\/uploads\\\/sites\\\/3\\\/2022\\\/02\\\/Rudiger-Before-its-vanished-HD-Square-copie-1-scaled-1.jpg\",\"datePublished\":\"2022-02-13T14:46:06+00:00\",\"dateModified\":\"2025-05-09T07:33:27+00:00\",\"breadcrumb\":{\"@id\":\"https:\\\/\\\/www.usopop.com\\\/fr\\\/produit\\\/before-its-vanished-rudiger-cd\\\/#breadcrumb\"},\"inLanguage\":\"fr-FR\",\"potentialAction\":[{\"@type\":\"ReadAction\",\"target\":[\"https:\\\/\\\/www.usopop.com\\\/fr\\\/produit\\\/before-its-vanished-rudiger-cd\\\/\"]}]},{\"@type\":\"ImageObject\",\"inLanguage\":\"fr-FR\",\"@id\":\"https:\\\/\\\/www.usopop.com\\\/fr\\\/produit\\\/before-its-vanished-rudiger-cd\\\/#primaryimage\",\"url\":\"https:\\\/\\\/www.usopop.com\\\/fr\\\/wp-content\\\/uploads\\\/sites\\\/3\\\/2022\\\/02\\\/Rudiger-Before-its-vanished-HD-Square-copie-1-scaled-1.jpg\",\"contentUrl\":\"https:\\\/\\\/www.usopop.com\\\/fr\\\/wp-content\\\/uploads\\\/sites\\\/3\\\/2022\\\/02\\\/Rudiger-Before-its-vanished-HD-Square-copie-1-scaled-1.jpg\",\"width\":2560,\"height\":2560},{\"@type\":\"BreadcrumbList\",\"@id\":\"https:\\\/\\\/www.usopop.com\\\/fr\\\/produit\\\/before-its-vanished-rudiger-cd\\\/#breadcrumb\",\"itemListElement\":[{\"@type\":\"ListItem\",\"position\":1,\"name\":\"Home\",\"item\":\"https:\\\/\\\/www.usopop.com\\\/fr\\\/\"},{\"@type\":\"ListItem\",\"position\":2,\"name\":\"Boutique\",\"item\":\"https:\\\/\\\/www.usopop.com\\\/fr\\\/boutique\\\/\"},{\"@type\":\"ListItem\",\"position\":3,\"name\":\"Before it&rsquo;s vanished &#8211; R\u00fcdiger &#8211; CD\"}]},{\"@type\":\"WebSite\",\"@id\":\"https:\\\/\\\/www.usopop.com\\\/fr\\\/#website\",\"url\":\"https:\\\/\\\/www.usopop.com\\\/fr\\\/\",\"name\":\"Usopop - Festival &amp; Label\",\"description\":\"Festival et label de musique ind\u00e9pendant bas\u00e9 dans les montagnes de Sare au Pays Basque.\",\"publisher\":{\"@id\":\"https:\\\/\\\/www.usopop.com\\\/fr\\\/#organization\"},\"potentialAction\":[{\"@type\":\"SearchAction\",\"target\":{\"@type\":\"EntryPoint\",\"urlTemplate\":\"https:\\\/\\\/www.usopop.com\\\/fr\\\/?s={search_term_string}\"},\"query-input\":{\"@type\":\"PropertyValueSpecification\",\"valueRequired\":true,\"valueName\":\"search_term_string\"}}],\"inLanguage\":\"fr-FR\"},{\"@type\":\"Organization\",\"@id\":\"https:\\\/\\\/www.usopop.com\\\/fr\\\/#organization\",\"name\":\"USOPOP\",\"url\":\"https:\\\/\\\/www.usopop.com\\\/fr\\\/\",\"logo\":{\"@type\":\"ImageObject\",\"inLanguage\":\"fr-FR\",\"@id\":\"https:\\\/\\\/www.usopop.com\\\/fr\\\/#\\\/schema\\\/logo\\\/image\\\/\",\"url\":\"https:\\\/\\\/i0.wp.com\\\/www.usopop.com\\\/fr\\\/wp-content\\\/uploads\\\/sites\\\/3\\\/2020\\\/08\\\/usopop-logo.png?fit=1422%2C1852&ssl=1\",\"contentUrl\":\"https:\\\/\\\/i0.wp.com\\\/www.usopop.com\\\/fr\\\/wp-content\\\/uploads\\\/sites\\\/3\\\/2020\\\/08\\\/usopop-logo.png?fit=1422%2C1852&ssl=1\",\"width\":1422,\"height\":1852,\"caption\":\"USOPOP\"},\"image\":{\"@id\":\"https:\\\/\\\/www.usopop.com\\\/fr\\\/#\\\/schema\\\/logo\\\/image\\\/\"}}]}<\/script>\n<!-- \/ Yoast SEO plugin. -->","yoast_head_json":{"title":"Before it's vanished - R\u00fcdiger - CD - Usopop Diskak","robots":{"index":"index","follow":"follow","max-snippet":"max-snippet:-1","max-image-preview":"max-image-preview:large","max-video-preview":"max-video-preview:-1"},"canonical":"https:\/\/www.usopop.com\/fr\/produit\/before-its-vanished-rudiger-cd\/","og_locale":"fr_FR","og_type":"article","og_title":"Before it's vanished - R\u00fcdiger - CD - Usopop Diskak","og_description":"CD Digipack  Premier album de R\u00fcdiger.  USO006  Sorti le 18 D\u00e9cembre 2020","og_url":"https:\/\/www.usopop.com\/fr\/produit\/before-its-vanished-rudiger-cd\/","og_site_name":"Usopop - Festival &amp; Label","article_modified_time":"2025-05-09T07:33:27+00:00","og_image":[{"width":2560,"height":2560,"url":"http:\/\/www.usopop.com\/fr\/wp-content\/uploads\/sites\/3\/2022\/02\/Rudiger-Before-its-vanished-HD-Square-copie-1-scaled-1.jpg","type":"image\/jpeg"}],"twitter_card":"summary_large_image","twitter_misc":{"Dur\u00e9e de lecture estim\u00e9e":"1 minute"},"schema":{"@context":"https:\/\/schema.org","@graph":[{"@type":"WebPage","@id":"https:\/\/www.usopop.com\/fr\/produit\/before-its-vanished-rudiger-cd\/","url":"https:\/\/www.usopop.com\/fr\/produit\/before-its-vanished-rudiger-cd\/","name":"Before it's vanished - R\u00fcdiger - CD - Usopop Diskak","isPartOf":{"@id":"https:\/\/www.usopop.com\/fr\/#website"},"primaryImageOfPage":{"@id":"https:\/\/www.usopop.com\/fr\/produit\/before-its-vanished-rudiger-cd\/#primaryimage"},"image":{"@id":"https:\/\/www.usopop.com\/fr\/produit\/before-its-vanished-rudiger-cd\/#primaryimage"},"thumbnailUrl":"https:\/\/www.usopop.com\/fr\/wp-content\/uploads\/sites\/3\/2022\/02\/Rudiger-Before-its-vanished-HD-Square-copie-1-scaled-1.jpg","datePublished":"2022-02-13T14:46:06+00:00","dateModified":"2025-05-09T07:33:27+00:00","breadcrumb":{"@id":"https:\/\/www.usopop.com\/fr\/produit\/before-its-vanished-rudiger-cd\/#breadcrumb"},"inLanguage":"fr-FR","potentialAction":[{"@type":"ReadAction","target":["https:\/\/www.usopop.com\/fr\/produit\/before-its-vanished-rudiger-cd\/"]}]},{"@type":"ImageObject","inLanguage":"fr-FR","@id":"https:\/\/www.usopop.com\/fr\/produit\/before-its-vanished-rudiger-cd\/#primaryimage","url":"https:\/\/www.usopop.com\/fr\/wp-content\/uploads\/sites\/3\/2022\/02\/Rudiger-Before-its-vanished-HD-Square-copie-1-scaled-1.jpg","contentUrl":"https:\/\/www.usopop.com\/fr\/wp-content\/uploads\/sites\/3\/2022\/02\/Rudiger-Before-its-vanished-HD-Square-copie-1-scaled-1.jpg","width":2560,"height":2560},{"@type":"BreadcrumbList","@id":"https:\/\/www.usopop.com\/fr\/produit\/before-its-vanished-rudiger-cd\/#breadcrumb","itemListElement":[{"@type":"ListItem","position":1,"name":"Home","item":"https:\/\/www.usopop.com\/fr\/"},{"@type":"ListItem","position":2,"name":"Boutique","item":"https:\/\/www.usopop.com\/fr\/boutique\/"},{"@type":"ListItem","position":3,"name":"Before it&rsquo;s vanished &#8211; R\u00fcdiger &#8211; CD"}]},{"@type":"WebSite","@id":"https:\/\/www.usopop.com\/fr\/#website","url":"https:\/\/www.usopop.com\/fr\/","name":"Usopop - Festival &amp; Label","description":"Festival et label de musique ind\u00e9pendant bas\u00e9 dans les montagnes de Sare au Pays Basque.","publisher":{"@id":"https:\/\/www.usopop.com\/fr\/#organization"},"potentialAction":[{"@type":"SearchAction","target":{"@type":"EntryPoint","urlTemplate":"https:\/\/www.usopop.com\/fr\/?s={search_term_string}"},"query-input":{"@type":"PropertyValueSpecification","valueRequired":true,"valueName":"search_term_string"}}],"inLanguage":"fr-FR"},{"@type":"Organization","@id":"https:\/\/www.usopop.com\/fr\/#organization","name":"USOPOP","url":"https:\/\/www.usopop.com\/fr\/","logo":{"@type":"ImageObject","inLanguage":"fr-FR","@id":"https:\/\/www.usopop.com\/fr\/#\/schema\/logo\/image\/","url":"https:\/\/i0.wp.com\/www.usopop.com\/fr\/wp-content\/uploads\/sites\/3\/2020\/08\/usopop-logo.png?fit=1422%2C1852&ssl=1","contentUrl":"https:\/\/i0.wp.com\/www.usopop.com\/fr\/wp-content\/uploads\/sites\/3\/2020\/08\/usopop-logo.png?fit=1422%2C1852&ssl=1","width":1422,"height":1852,"caption":"USOPOP"},"image":{"@id":"https:\/\/www.usopop.com\/fr\/#\/schema\/logo\/image\/"}}]}},"_links":{"self":[{"href":"https:\/\/www.usopop.com\/fr\/wp-json\/wp\/v2\/product\/681","targetHints":{"allow":["GET"]}}],"collection":[{"href":"https:\/\/www.usopop.com\/fr\/wp-json\/wp\/v2\/product"}],"about":[{"href":"https:\/\/www.usopop.com\/fr\/wp-json\/wp\/v2\/types\/product"}],"wp:featuredmedia":[{"embeddable":true,"href":"https:\/\/www.usopop.com\/fr\/wp-json\/wp\/v2\/media\/1480"}],"wp:attachment":[{"href":"https:\/\/www.usopop.com\/fr\/wp-json\/wp\/v2\/media?parent=681"}],"wp:term":[{"taxonomy":"product_brand","embeddable":true,"href":"https:\/\/www.usopop.com\/fr\/wp-json\/wp\/v2\/product_brand?post=681"},{"taxonomy":"product_cat","embeddable":true,"href":"https:\/\/www.usopop.com\/fr\/wp-json\/wp\/v2\/product_cat?post=681"},{"taxonomy":"product_tag","embeddable":true,"href":"https:\/\/www.usopop.com\/fr\/wp-json\/wp\/v2\/product_tag?post=681"}],"curies":[{"name":"wp","href":"https:\/\/api.w.org\/{rel}","templated":true}]}}