{"id":1231,"date":"2023-10-10T00:01:20","date_gmt":"2023-10-09T22:01:20","guid":{"rendered":"https:\/\/www.usopop.com\/fr\/?post_type=product&#038;p=1231"},"modified":"2024-02-02T11:34:48","modified_gmt":"2024-02-02T10:34:48","slug":"the-dancing-king-rudiger-lp","status":"publish","type":"product","link":"https:\/\/www.usopop.com\/fr\/produit\/the-dancing-king-rudiger-lp\/","title":{"rendered":"The Dancing King &#8211; R\u00fcdiger &#8211; LP"},"content":{"rendered":"<p><strong>LP avec sous-pochette imprim\u00e9e<\/strong><\/p>\n<p>Deuxi\u00e8me album de R\u00fcdiger.<\/p>\n<p><iframe style=\"border: 0; width: 350px; height: 439px;\" src=\"https:\/\/bandcamp.com\/EmbeddedPlayer\/album=3105527312\/size=large\/bgcol=ffffff\/linkcol=333333\/artwork=none\/transparent=true\/\" seamless=\"\"><a href=\"https:\/\/rudiger-music.bandcamp.com\/album\/the-dancing-king-2\">The Dancing King de R\u00fcdiger<\/a><\/iframe><\/p>\n<p><strong>USO014<\/strong><\/p>\n<p><em>Sortie pr\u00e9vue le 30 novembre 2023<\/em><\/p>\n","protected":false},"excerpt":{"rendered":"<p><strong>LP avec sous-pochette imprim\u00e9e<\/strong><\/p>\n<p>Deuxi\u00e8me album de R\u00fcdiger.<\/p>\n<p><strong>USO014<\/strong><\/p>\n<p><em>Sortie pr\u00e9vue le 30 novembre 2023<\/em><\/p>\n","protected":false},"featured_media":1230,"template":"","meta":{"inline_featured_image":false,"_price":"20","_stock":"","_tribe_ticket_header":"","_tribe_default_ticket_provider":"","_tribe_ticket_capacity":"3","_ticket_start_date":"","_ticket_end_date":"","_tribe_ticket_show_description":"","_tribe_ticket_show_not_going":false,"_tribe_ticket_use_global_stock":"","_tribe_ticket_global_stock_level":"","_global_stock_mode":"","_global_stock_cap":"","_tribe_rsvp_for_event":"","_tribe_ticket_going_count":"","_tribe_ticket_not_going_count":"","_tribe_tickets_list":"[]","_tribe_ticket_has_attendee_info_fields":false},"product_brand":[],"product_cat":[19],"product_tag":[26],"class_list":{"0":"post-1231","1":"product","2":"type-product","3":"status-publish","4":"has-post-thumbnail","6":"product_cat-vinyle","7":"product_tag-rudiger","8":"product_shipping_class-lp","9":"entry","11":"first","12":"outofstock","13":"downloadable","14":"shipping-taxable","15":"purchasable","16":"product-type-simple"},"yoast_head":"<!-- This site is optimized with the Yoast SEO plugin v27.4 - https:\/\/yoast.com\/product\/yoast-seo-wordpress\/ -->\n<title>The Dancing King - R\u00fcdiger - LP - Usopop Diskak<\/title>\n<meta name=\"robots\" content=\"index, follow, max-snippet:-1, max-image-preview:large, max-video-preview:-1\" \/>\n<link rel=\"canonical\" href=\"https:\/\/www.usopop.com\/fr\/produit\/the-dancing-king-rudiger-lp\/\" \/>\n<meta property=\"og:locale\" content=\"fr_FR\" \/>\n<meta property=\"og:type\" content=\"article\" \/>\n<meta property=\"og:title\" content=\"The Dancing King - R\u00fcdiger - LP - Usopop Diskak\" \/>\n<meta property=\"og:description\" content=\"LP avec sous-pochette imprim\u00e9e  Deuxi\u00e8me album de R\u00fcdiger.  USO014  Sortie pr\u00e9vue le 30 novembre 2023\" \/>\n<meta property=\"og:url\" content=\"https:\/\/www.usopop.com\/fr\/produit\/the-dancing-king-rudiger-lp\/\" \/>\n<meta property=\"og:site_name\" content=\"Usopop - Festival &amp; Label\" \/>\n<meta property=\"article:modified_time\" content=\"2024-02-02T10:34:48+00:00\" \/>\n<meta property=\"og:image\" content=\"http:\/\/www.usopop.com\/fr\/wp-content\/uploads\/sites\/3\/2023\/10\/a3373706515_10.jpg\" \/>\n\t<meta property=\"og:image:width\" content=\"1200\" \/>\n\t<meta property=\"og:image:height\" content=\"1191\" \/>\n\t<meta property=\"og:image:type\" content=\"image\/jpeg\" \/>\n<meta name=\"twitter:card\" content=\"summary_large_image\" \/>\n<meta name=\"twitter:label1\" content=\"Dur\u00e9e de lecture estim\u00e9e\" \/>\n\t<meta name=\"twitter:data1\" content=\"1 minute\" \/>\n<script type=\"application\/ld+json\" class=\"yoast-schema-graph\">{\"@context\":\"https:\\\/\\\/schema.org\",\"@graph\":[{\"@type\":\"WebPage\",\"@id\":\"https:\\\/\\\/www.usopop.com\\\/fr\\\/produit\\\/the-dancing-king-rudiger-lp\\\/\",\"url\":\"https:\\\/\\\/www.usopop.com\\\/fr\\\/produit\\\/the-dancing-king-rudiger-lp\\\/\",\"name\":\"The Dancing King - R\u00fcdiger - LP - Usopop Diskak\",\"isPartOf\":{\"@id\":\"https:\\\/\\\/www.usopop.com\\\/fr\\\/#website\"},\"primaryImageOfPage\":{\"@id\":\"https:\\\/\\\/www.usopop.com\\\/fr\\\/produit\\\/the-dancing-king-rudiger-lp\\\/#primaryimage\"},\"image\":{\"@id\":\"https:\\\/\\\/www.usopop.com\\\/fr\\\/produit\\\/the-dancing-king-rudiger-lp\\\/#primaryimage\"},\"thumbnailUrl\":\"https:\\\/\\\/www.usopop.com\\\/fr\\\/wp-content\\\/uploads\\\/sites\\\/3\\\/2023\\\/10\\\/a3373706515_10.jpg\",\"datePublished\":\"2023-10-09T22:01:20+00:00\",\"dateModified\":\"2024-02-02T10:34:48+00:00\",\"breadcrumb\":{\"@id\":\"https:\\\/\\\/www.usopop.com\\\/fr\\\/produit\\\/the-dancing-king-rudiger-lp\\\/#breadcrumb\"},\"inLanguage\":\"fr-FR\",\"potentialAction\":[{\"@type\":\"ReadAction\",\"target\":[\"https:\\\/\\\/www.usopop.com\\\/fr\\\/produit\\\/the-dancing-king-rudiger-lp\\\/\"]}]},{\"@type\":\"ImageObject\",\"inLanguage\":\"fr-FR\",\"@id\":\"https:\\\/\\\/www.usopop.com\\\/fr\\\/produit\\\/the-dancing-king-rudiger-lp\\\/#primaryimage\",\"url\":\"https:\\\/\\\/www.usopop.com\\\/fr\\\/wp-content\\\/uploads\\\/sites\\\/3\\\/2023\\\/10\\\/a3373706515_10.jpg\",\"contentUrl\":\"https:\\\/\\\/www.usopop.com\\\/fr\\\/wp-content\\\/uploads\\\/sites\\\/3\\\/2023\\\/10\\\/a3373706515_10.jpg\",\"width\":1200,\"height\":1191},{\"@type\":\"BreadcrumbList\",\"@id\":\"https:\\\/\\\/www.usopop.com\\\/fr\\\/produit\\\/the-dancing-king-rudiger-lp\\\/#breadcrumb\",\"itemListElement\":[{\"@type\":\"ListItem\",\"position\":1,\"name\":\"Home\",\"item\":\"https:\\\/\\\/www.usopop.com\\\/fr\\\/\"},{\"@type\":\"ListItem\",\"position\":2,\"name\":\"Boutique\",\"item\":\"https:\\\/\\\/www.usopop.com\\\/fr\\\/boutique\\\/\"},{\"@type\":\"ListItem\",\"position\":3,\"name\":\"The Dancing King &#8211; R\u00fcdiger &#8211; LP\"}]},{\"@type\":\"WebSite\",\"@id\":\"https:\\\/\\\/www.usopop.com\\\/fr\\\/#website\",\"url\":\"https:\\\/\\\/www.usopop.com\\\/fr\\\/\",\"name\":\"Usopop - Festival &amp; Label\",\"description\":\"Festival et label de musique ind\u00e9pendant bas\u00e9 dans les montagnes de Sare au Pays Basque.\",\"publisher\":{\"@id\":\"https:\\\/\\\/www.usopop.com\\\/fr\\\/#organization\"},\"potentialAction\":[{\"@type\":\"SearchAction\",\"target\":{\"@type\":\"EntryPoint\",\"urlTemplate\":\"https:\\\/\\\/www.usopop.com\\\/fr\\\/?s={search_term_string}\"},\"query-input\":{\"@type\":\"PropertyValueSpecification\",\"valueRequired\":true,\"valueName\":\"search_term_string\"}}],\"inLanguage\":\"fr-FR\"},{\"@type\":\"Organization\",\"@id\":\"https:\\\/\\\/www.usopop.com\\\/fr\\\/#organization\",\"name\":\"USOPOP\",\"url\":\"https:\\\/\\\/www.usopop.com\\\/fr\\\/\",\"logo\":{\"@type\":\"ImageObject\",\"inLanguage\":\"fr-FR\",\"@id\":\"https:\\\/\\\/www.usopop.com\\\/fr\\\/#\\\/schema\\\/logo\\\/image\\\/\",\"url\":\"https:\\\/\\\/i0.wp.com\\\/www.usopop.com\\\/fr\\\/wp-content\\\/uploads\\\/sites\\\/3\\\/2020\\\/08\\\/usopop-logo.png?fit=1422%2C1852&ssl=1\",\"contentUrl\":\"https:\\\/\\\/i0.wp.com\\\/www.usopop.com\\\/fr\\\/wp-content\\\/uploads\\\/sites\\\/3\\\/2020\\\/08\\\/usopop-logo.png?fit=1422%2C1852&ssl=1\",\"width\":1422,\"height\":1852,\"caption\":\"USOPOP\"},\"image\":{\"@id\":\"https:\\\/\\\/www.usopop.com\\\/fr\\\/#\\\/schema\\\/logo\\\/image\\\/\"}}]}<\/script>\n<!-- \/ Yoast SEO plugin. -->","yoast_head_json":{"title":"The Dancing King - R\u00fcdiger - LP - Usopop Diskak","robots":{"index":"index","follow":"follow","max-snippet":"max-snippet:-1","max-image-preview":"max-image-preview:large","max-video-preview":"max-video-preview:-1"},"canonical":"https:\/\/www.usopop.com\/fr\/produit\/the-dancing-king-rudiger-lp\/","og_locale":"fr_FR","og_type":"article","og_title":"The Dancing King - R\u00fcdiger - LP - Usopop Diskak","og_description":"LP avec sous-pochette imprim\u00e9e  Deuxi\u00e8me album de R\u00fcdiger.  USO014  Sortie pr\u00e9vue le 30 novembre 2023","og_url":"https:\/\/www.usopop.com\/fr\/produit\/the-dancing-king-rudiger-lp\/","og_site_name":"Usopop - Festival &amp; Label","article_modified_time":"2024-02-02T10:34:48+00:00","og_image":[{"width":1200,"height":1191,"url":"http:\/\/www.usopop.com\/fr\/wp-content\/uploads\/sites\/3\/2023\/10\/a3373706515_10.jpg","type":"image\/jpeg"}],"twitter_card":"summary_large_image","twitter_misc":{"Dur\u00e9e de lecture estim\u00e9e":"1 minute"},"schema":{"@context":"https:\/\/schema.org","@graph":[{"@type":"WebPage","@id":"https:\/\/www.usopop.com\/fr\/produit\/the-dancing-king-rudiger-lp\/","url":"https:\/\/www.usopop.com\/fr\/produit\/the-dancing-king-rudiger-lp\/","name":"The Dancing King - R\u00fcdiger - LP - Usopop Diskak","isPartOf":{"@id":"https:\/\/www.usopop.com\/fr\/#website"},"primaryImageOfPage":{"@id":"https:\/\/www.usopop.com\/fr\/produit\/the-dancing-king-rudiger-lp\/#primaryimage"},"image":{"@id":"https:\/\/www.usopop.com\/fr\/produit\/the-dancing-king-rudiger-lp\/#primaryimage"},"thumbnailUrl":"https:\/\/www.usopop.com\/fr\/wp-content\/uploads\/sites\/3\/2023\/10\/a3373706515_10.jpg","datePublished":"2023-10-09T22:01:20+00:00","dateModified":"2024-02-02T10:34:48+00:00","breadcrumb":{"@id":"https:\/\/www.usopop.com\/fr\/produit\/the-dancing-king-rudiger-lp\/#breadcrumb"},"inLanguage":"fr-FR","potentialAction":[{"@type":"ReadAction","target":["https:\/\/www.usopop.com\/fr\/produit\/the-dancing-king-rudiger-lp\/"]}]},{"@type":"ImageObject","inLanguage":"fr-FR","@id":"https:\/\/www.usopop.com\/fr\/produit\/the-dancing-king-rudiger-lp\/#primaryimage","url":"https:\/\/www.usopop.com\/fr\/wp-content\/uploads\/sites\/3\/2023\/10\/a3373706515_10.jpg","contentUrl":"https:\/\/www.usopop.com\/fr\/wp-content\/uploads\/sites\/3\/2023\/10\/a3373706515_10.jpg","width":1200,"height":1191},{"@type":"BreadcrumbList","@id":"https:\/\/www.usopop.com\/fr\/produit\/the-dancing-king-rudiger-lp\/#breadcrumb","itemListElement":[{"@type":"ListItem","position":1,"name":"Home","item":"https:\/\/www.usopop.com\/fr\/"},{"@type":"ListItem","position":2,"name":"Boutique","item":"https:\/\/www.usopop.com\/fr\/boutique\/"},{"@type":"ListItem","position":3,"name":"The Dancing King &#8211; R\u00fcdiger &#8211; LP"}]},{"@type":"WebSite","@id":"https:\/\/www.usopop.com\/fr\/#website","url":"https:\/\/www.usopop.com\/fr\/","name":"Usopop - Festival &amp; Label","description":"Festival et label de musique ind\u00e9pendant bas\u00e9 dans les montagnes de Sare au Pays Basque.","publisher":{"@id":"https:\/\/www.usopop.com\/fr\/#organization"},"potentialAction":[{"@type":"SearchAction","target":{"@type":"EntryPoint","urlTemplate":"https:\/\/www.usopop.com\/fr\/?s={search_term_string}"},"query-input":{"@type":"PropertyValueSpecification","valueRequired":true,"valueName":"search_term_string"}}],"inLanguage":"fr-FR"},{"@type":"Organization","@id":"https:\/\/www.usopop.com\/fr\/#organization","name":"USOPOP","url":"https:\/\/www.usopop.com\/fr\/","logo":{"@type":"ImageObject","inLanguage":"fr-FR","@id":"https:\/\/www.usopop.com\/fr\/#\/schema\/logo\/image\/","url":"https:\/\/i0.wp.com\/www.usopop.com\/fr\/wp-content\/uploads\/sites\/3\/2020\/08\/usopop-logo.png?fit=1422%2C1852&ssl=1","contentUrl":"https:\/\/i0.wp.com\/www.usopop.com\/fr\/wp-content\/uploads\/sites\/3\/2020\/08\/usopop-logo.png?fit=1422%2C1852&ssl=1","width":1422,"height":1852,"caption":"USOPOP"},"image":{"@id":"https:\/\/www.usopop.com\/fr\/#\/schema\/logo\/image\/"}}]}},"_links":{"self":[{"href":"https:\/\/www.usopop.com\/fr\/wp-json\/wp\/v2\/product\/1231","targetHints":{"allow":["GET"]}}],"collection":[{"href":"https:\/\/www.usopop.com\/fr\/wp-json\/wp\/v2\/product"}],"about":[{"href":"https:\/\/www.usopop.com\/fr\/wp-json\/wp\/v2\/types\/product"}],"wp:featuredmedia":[{"embeddable":true,"href":"https:\/\/www.usopop.com\/fr\/wp-json\/wp\/v2\/media\/1230"}],"wp:attachment":[{"href":"https:\/\/www.usopop.com\/fr\/wp-json\/wp\/v2\/media?parent=1231"}],"wp:term":[{"taxonomy":"product_brand","embeddable":true,"href":"https:\/\/www.usopop.com\/fr\/wp-json\/wp\/v2\/product_brand?post=1231"},{"taxonomy":"product_cat","embeddable":true,"href":"https:\/\/www.usopop.com\/fr\/wp-json\/wp\/v2\/product_cat?post=1231"},{"taxonomy":"product_tag","embeddable":true,"href":"https:\/\/www.usopop.com\/fr\/wp-json\/wp\/v2\/product_tag?post=1231"}],"curies":[{"name":"wp","href":"https:\/\/api.w.org\/{rel}","templated":true}]}}