{"id":791,"date":"2022-03-23T21:50:36","date_gmt":"2022-03-23T20:50:36","guid":{"rendered":"https:\/\/www.usopop.com\/fr\/?page_id=791"},"modified":"2023-12-29T10:55:08","modified_gmt":"2023-12-29T09:55:08","slug":"aguxtin-alkhat","status":"publish","type":"page","link":"https:\/\/www.usopop.com\/fr\/usopop-diskak\/artistes\/aguxtin-alkhat\/","title":{"rendered":"Aguxtin Alkhat"},"content":{"rendered":"\t\t<div data-elementor-type=\"wp-page\" data-elementor-id=\"791\" class=\"elementor elementor-791\">\n\t\t\t\t\t\t<section class=\"elementor-section elementor-top-section elementor-element elementor-element-72c360e elementor-section-boxed elementor-section-height-default elementor-section-height-default\" data-id=\"72c360e\" data-element_type=\"section\" data-e-type=\"section\" data-settings=\"{&quot;background_background&quot;:&quot;classic&quot;,&quot;shape_divider_top&quot;:&quot;pyramids&quot;}\">\n\t\t\t\t\t<div class=\"elementor-shape elementor-shape-top\" aria-hidden=\"true\" data-negative=\"false\">\n\t\t\t<svg xmlns=\"http:\/\/www.w3.org\/2000\/svg\" viewBox=\"0 0 1000 100\" preserveAspectRatio=\"none\">\n\t<path class=\"elementor-shape-fill\" d=\"M761.9,44.1L643.1,27.2L333.8,98L0,3.8V0l1000,0v3.9\"\/>\n<\/svg>\t\t<\/div>\n\t\t\t\t\t<div class=\"elementor-container elementor-column-gap-default\">\n\t\t\t\t\t<div class=\"elementor-column elementor-col-100 elementor-top-column elementor-element elementor-element-15780c3d\" data-id=\"15780c3d\" data-element_type=\"column\" data-e-type=\"column\">\n\t\t\t<div class=\"elementor-widget-wrap elementor-element-populated\">\n\t\t\t\t\t\t<div class=\"elementor-element elementor-element-4e5b94c5 elementor-widget elementor-widget-heading\" data-id=\"4e5b94c5\" data-element_type=\"widget\" data-e-type=\"widget\" data-widget_type=\"heading.default\">\n\t\t\t\t<div class=\"elementor-widget-container\">\n\t\t\t\t\t<h2 class=\"elementor-heading-title elementor-size-default\">AGUXTIN ALKHAT<\/h2>\t\t\t\t<\/div>\n\t\t\t\t<\/div>\n\t\t\t\t\t<\/div>\n\t\t<\/div>\n\t\t\t\t\t<\/div>\n\t\t<\/section>\n\t\t\t\t<section class=\"elementor-section elementor-top-section elementor-element elementor-element-8145338 elementor-section-boxed elementor-section-height-default elementor-section-height-default\" data-id=\"8145338\" data-element_type=\"section\" data-e-type=\"section\">\n\t\t\t\t\t\t<div class=\"elementor-container elementor-column-gap-default\">\n\t\t\t\t\t<div class=\"elementor-column elementor-col-50 elementor-top-column elementor-element elementor-element-6e593cfa\" data-id=\"6e593cfa\" data-element_type=\"column\" data-e-type=\"column\">\n\t\t\t<div class=\"elementor-widget-wrap elementor-element-populated\">\n\t\t\t\t\t\t<div class=\"elementor-element elementor-element-3bad6b44 elementor-widget elementor-widget-image\" data-id=\"3bad6b44\" data-element_type=\"widget\" data-e-type=\"widget\" data-widget_type=\"image.default\">\n\t\t\t\t<div class=\"elementor-widget-container\">\n\t\t\t\t\t\t\t\t\t\t\t\t\t\t\t<img fetchpriority=\"high\" decoding=\"async\" width=\"400\" height=\"300\" src=\"https:\/\/www.usopop.com\/fr\/wp-content\/uploads\/sites\/3\/2022\/02\/0014331522_36.jpg\" class=\"attachment-full size-full wp-image-488\" alt=\"Aguxtin Alkhat\" srcset=\"https:\/\/www.usopop.com\/fr\/wp-content\/uploads\/sites\/3\/2022\/02\/0014331522_36.jpg 400w, https:\/\/www.usopop.com\/fr\/wp-content\/uploads\/sites\/3\/2022\/02\/0014331522_36-300x225.jpg 300w\" sizes=\"(max-width: 400px) 100vw, 400px\" style=\"width:100%;height:75%;max-width:400px\" \/>\t\t\t\t\t\t\t\t\t\t\t\t\t\t\t<\/div>\n\t\t\t\t<\/div>\n\t\t\t\t<div class=\"elementor-element elementor-element-48b34f1d elementor-widget elementor-widget-heading\" data-id=\"48b34f1d\" data-element_type=\"widget\" data-e-type=\"widget\" data-widget_type=\"heading.default\">\n\t\t\t\t<div class=\"elementor-widget-container\">\n\t\t\t\t\t<h6 class=\"elementor-heading-title elementor-size-default\">\u00a9 Loustauneau<\/h6>\t\t\t\t<\/div>\n\t\t\t\t<\/div>\n\t\t\t\t<div class=\"elementor-element elementor-element-46465b99 elementor-view-stacked elementor-widget__width-auto elementor-shape-circle elementor-widget elementor-widget-icon\" data-id=\"46465b99\" data-element_type=\"widget\" data-e-type=\"widget\" data-widget_type=\"icon.default\">\n\t\t\t\t<div class=\"elementor-widget-container\">\n\t\t\t\t\t\t\t<div class=\"elementor-icon-wrapper\">\n\t\t\t<a class=\"elementor-icon\" href=\"https:\/\/aguxtinalkhat.bandcamp.com\" target=\"_blank\" rel=\"nofollow\">\n\t\t\t<i aria-hidden=\"true\" class=\"fab fa-bandcamp\"><\/i>\t\t\t<\/a>\n\t\t<\/div>\n\t\t\t\t\t\t<\/div>\n\t\t\t\t<\/div>\n\t\t\t\t<div class=\"elementor-element elementor-element-25a0db10 elementor-view-stacked elementor-widget__width-auto elementor-shape-circle elementor-widget elementor-widget-icon\" data-id=\"25a0db10\" data-element_type=\"widget\" data-e-type=\"widget\" data-widget_type=\"icon.default\">\n\t\t\t\t<div class=\"elementor-widget-container\">\n\t\t\t\t\t\t\t<div class=\"elementor-icon-wrapper\">\n\t\t\t<a class=\"elementor-icon\" href=\"https:\/\/www.facebook.com\/aguxtin.alkhat\" target=\"_blank\" rel=\"nofollow\">\n\t\t\t<i aria-hidden=\"true\" class=\"fab fa-facebook-f\"><\/i>\t\t\t<\/a>\n\t\t<\/div>\n\t\t\t\t\t\t<\/div>\n\t\t\t\t<\/div>\n\t\t\t\t<div class=\"elementor-element elementor-element-b3b349c elementor-view-stacked elementor-widget__width-auto elementor-shape-circle elementor-widget elementor-widget-icon\" data-id=\"b3b349c\" data-element_type=\"widget\" data-e-type=\"widget\" data-widget_type=\"icon.default\">\n\t\t\t\t<div class=\"elementor-widget-container\">\n\t\t\t\t\t\t\t<div class=\"elementor-icon-wrapper\">\n\t\t\t<a class=\"elementor-icon\" href=\"https:\/\/www.instagram.com\/aguxtin.alkhat\/\" target=\"_blank\" rel=\"nofollow\">\n\t\t\t<i aria-hidden=\"true\" class=\"fab fa-instagram\"><\/i>\t\t\t<\/a>\n\t\t<\/div>\n\t\t\t\t\t\t<\/div>\n\t\t\t\t<\/div>\n\t\t\t\t\t<\/div>\n\t\t<\/div>\n\t\t\t\t<div class=\"elementor-column elementor-col-50 elementor-top-column elementor-element elementor-element-5ad33e25\" data-id=\"5ad33e25\" data-element_type=\"column\" data-e-type=\"column\">\n\t\t\t<div class=\"elementor-widget-wrap elementor-element-populated\">\n\t\t\t\t\t\t<div class=\"elementor-element elementor-element-7427e16e elementor-widget elementor-widget-text-editor\" data-id=\"7427e16e\" data-element_type=\"widget\" data-e-type=\"widget\" data-widget_type=\"text-editor.default\">\n\t\t\t\t<div class=\"elementor-widget-container\">\n\t\t\t\t\t\t\t\t\t<p><span style=\"font-size: 19.2px;\">Avec un patronyme laissant deviner quelques pr\u00e9dispositions \u00e0 l\u2019\u00e9criture et un physique aux faux-airs d\u2019un certain Bob Dylan, Aguxtin Alkhat aurait un destin tout trac\u00e9 dans le paysage musical basque et plus particuli\u00e8rement en Iparralde, terre de songwriting folk-trad au fil des g\u00e9n\u00e9rations. Si en effet, c\u2019est avec le trio Inahala qu\u2019il fera ses premi\u00e8res armes de compositeur-chanteur, le Heletar s\u2019est depuis affranchi du sch\u00e9ma traditionnel et part visiter en solitaire des contr\u00e9es plus \u00e9lectriques.\u00a0<\/span><\/p><p><span style=\"font-size: 19.2px;\">\u00a0<\/span><\/p><p><span style=\"font-size: 19.2px;\">Avec une voix fragile mais toujours habit\u00e9e, des textes \u00e0 la fois intimes et universels et des influences rappelant par moment la sc\u00e8ne rock US des ann\u00e9es 70, Aguxtin Alkhat s\u2019est aujourd\u2019hui cr\u00e9\u00e9 sans nul doute une identit\u00e9 et un style unique.<\/span><\/p>\t\t\t\t\t\t\t\t<\/div>\n\t\t\t\t<\/div>\n\t\t\t\t\t<\/div>\n\t\t<\/div>\n\t\t\t\t\t<\/div>\n\t\t<\/section>\n\t\t\t\t<section class=\"elementor-section elementor-top-section elementor-element elementor-element-3d39293f elementor-section-boxed elementor-section-height-default elementor-section-height-default\" data-id=\"3d39293f\" data-element_type=\"section\" data-e-type=\"section\">\n\t\t\t\t\t\t<div class=\"elementor-container elementor-column-gap-default\">\n\t\t\t\t\t<div class=\"elementor-column elementor-col-100 elementor-top-column elementor-element elementor-element-7b80ba3d\" data-id=\"7b80ba3d\" data-element_type=\"column\" data-e-type=\"column\">\n\t\t\t<div class=\"elementor-widget-wrap elementor-element-populated\">\n\t\t\t\t\t\t<div class=\"elementor-element elementor-element-6416c7f1 elementor-widget elementor-widget-spacer\" data-id=\"6416c7f1\" data-element_type=\"widget\" data-e-type=\"widget\" data-widget_type=\"spacer.default\">\n\t\t\t\t<div class=\"elementor-widget-container\">\n\t\t\t\t\t\t\t<div class=\"elementor-spacer\">\n\t\t\t<div class=\"elementor-spacer-inner\"><\/div>\n\t\t<\/div>\n\t\t\t\t\t\t<\/div>\n\t\t\t\t<\/div>\n\t\t\t\t\t<\/div>\n\t\t<\/div>\n\t\t\t\t\t<\/div>\n\t\t<\/section>\n\t\t\t\t<section class=\"elementor-section elementor-top-section elementor-element elementor-element-3fb9199e elementor-section-boxed elementor-section-height-default elementor-section-height-default\" data-id=\"3fb9199e\" data-element_type=\"section\" data-e-type=\"section\">\n\t\t\t\t\t\t<div class=\"elementor-container elementor-column-gap-default\">\n\t\t\t\t\t<div class=\"elementor-column elementor-col-100 elementor-top-column elementor-element elementor-element-3ba25b45\" data-id=\"3ba25b45\" data-element_type=\"column\" data-e-type=\"column\">\n\t\t\t<div class=\"elementor-widget-wrap elementor-element-populated\">\n\t\t\t\t\t\t<div class=\"elementor-element elementor-element-74b31297 elementor-widget elementor-widget-spacer\" data-id=\"74b31297\" data-element_type=\"widget\" data-e-type=\"widget\" data-widget_type=\"spacer.default\">\n\t\t\t\t<div class=\"elementor-widget-container\">\n\t\t\t\t\t\t\t<div class=\"elementor-spacer\">\n\t\t\t<div class=\"elementor-spacer-inner\"><\/div>\n\t\t<\/div>\n\t\t\t\t\t\t<\/div>\n\t\t\t\t<\/div>\n\t\t\t\t\t<\/div>\n\t\t<\/div>\n\t\t\t\t\t<\/div>\n\t\t<\/section>\n\t\t\t\t<section class=\"elementor-section elementor-top-section elementor-element elementor-element-5b774ee0 elementor-section-boxed elementor-section-height-default elementor-section-height-default\" data-id=\"5b774ee0\" data-element_type=\"section\" data-e-type=\"section\">\n\t\t\t\t\t\t<div class=\"elementor-container elementor-column-gap-default\">\n\t\t\t\t\t<div class=\"elementor-column elementor-col-100 elementor-top-column elementor-element elementor-element-75402e7d\" data-id=\"75402e7d\" data-element_type=\"column\" data-e-type=\"column\">\n\t\t\t<div class=\"elementor-widget-wrap elementor-element-populated\">\n\t\t\t\t\t\t<div class=\"elementor-element elementor-element-428e2bda elementor-widget elementor-widget-heading\" data-id=\"428e2bda\" data-element_type=\"widget\" data-e-type=\"widget\" data-widget_type=\"heading.default\">\n\t\t\t\t<div class=\"elementor-widget-container\">\n\t\t\t\t\t<h3 class=\"elementor-heading-title elementor-size-default\">Sorties<\/h3>\t\t\t\t<\/div>\n\t\t\t\t<\/div>\n\t\t\t\t\t<\/div>\n\t\t<\/div>\n\t\t\t\t\t<\/div>\n\t\t<\/section>\n\t\t\t\t<section class=\"elementor-section elementor-top-section elementor-element elementor-element-5a496610 elementor-section-boxed elementor-section-height-default elementor-section-height-default\" data-id=\"5a496610\" data-element_type=\"section\" data-e-type=\"section\">\n\t\t\t\t\t\t<div class=\"elementor-container elementor-column-gap-default\">\n\t\t\t\t\t<div class=\"elementor-column elementor-col-100 elementor-top-column elementor-element elementor-element-45d62652\" data-id=\"45d62652\" data-element_type=\"column\" data-e-type=\"column\">\n\t\t\t<div class=\"elementor-widget-wrap elementor-element-populated\">\n\t\t\t\t\t\t<div class=\"elementor-element elementor-element-3e183e3c elementor-widget elementor-widget-shortcode\" data-id=\"3e183e3c\" data-element_type=\"widget\" data-e-type=\"widget\" data-widget_type=\"shortcode.default\">\n\t\t\t\t<div class=\"elementor-widget-container\">\n\t\t\t\t\t\t\t<div class=\"elementor-shortcode\"><div class=\"woocommerce columns-4 \"><ul class=\"products columns-4\">\n<li class=\"entry product type-product post-690 status-publish first outofstock product_cat-cd product_tag-aguxtin-alkhat has-post-thumbnail downloadable shipping-taxable purchasable product-type-simple\">\n\t<a href=\"https:\/\/www.usopop.com\/fr\/produit\/ihes-egin-aguxtin-alkhat-cd\/\" class=\"woocommerce-LoopProduct-link woocommerce-loop-product__link\"><img decoding=\"async\" width=\"450\" height=\"450\" src=\"https:\/\/www.usopop.com\/fr\/wp-content\/uploads\/sites\/3\/2022\/02\/a3325836097_10-450x450.jpg\" class=\"attachment-woocommerce_thumbnail size-woocommerce_thumbnail\" alt=\"Ihes Egin - Aguxtin Alkhat\" srcset=\"https:\/\/www.usopop.com\/fr\/wp-content\/uploads\/sites\/3\/2022\/02\/a3325836097_10-450x450.jpg 450w, https:\/\/www.usopop.com\/fr\/wp-content\/uploads\/sites\/3\/2022\/02\/a3325836097_10-300x300.jpg 300w, https:\/\/www.usopop.com\/fr\/wp-content\/uploads\/sites\/3\/2022\/02\/a3325836097_10-150x150.jpg 150w, https:\/\/www.usopop.com\/fr\/wp-content\/uploads\/sites\/3\/2022\/02\/a3325836097_10-100x100.jpg 100w\" sizes=\"(max-width: 450px) 100vw, 450px\" style=\"width:100%;height:99.5%;max-width:1200px;\" \/><h2 class=\"woocommerce-loop-product__title\">Ihes Egin &#8211; Aguxtin Alkhat &#8211; CD<\/h2>\n\t<span class=\"price\"><span class=\"woocommerce-Price-amount amount\"><bdi>10,00<span class=\"woocommerce-Price-currencySymbol\">&euro;<\/span><\/bdi><\/span><\/span>\n<\/a><a href=\"https:\/\/www.usopop.com\/fr\/produit\/ihes-egin-aguxtin-alkhat-cd\/\" aria-describedby=\"woocommerce_loop_add_to_cart_link_describedby_690\" data-quantity=\"1\" class=\"button product_type_simple\" data-product_id=\"690\" data-product_sku=\"\" aria-label=\"En savoir plus sur &ldquo;Ihes Egin - Aguxtin Alkhat - CD&rdquo;\" rel=\"nofollow\" data-success_message=\"\">Lire la suite<\/a>\t<span id=\"woocommerce_loop_add_to_cart_link_describedby_690\" class=\"screen-reader-text\">\n\t\t\t<\/span>\n<\/li>\n<\/ul>\n<\/div><\/div>\n\t\t\t\t\t\t<\/div>\n\t\t\t\t<\/div>\n\t\t\t\t\t<\/div>\n\t\t<\/div>\n\t\t\t\t\t<\/div>\n\t\t<\/section>\n\t\t\t\t<\/div>\n\t\t","protected":false},"excerpt":{"rendered":"<p>AGUXTIN ALKHAT \u00a9 Loustauneau Avec un patronyme laissant deviner quelques pr\u00e9dispositions \u00e0 l\u2019\u00e9criture et un physique aux faux-airs d\u2019un certain Bob Dylan, Aguxtin Alkhat aurait un destin tout trac\u00e9 dans&hellip; <a class=\"more-link\" href=\"https:\/\/www.usopop.com\/fr\/usopop-diskak\/artistes\/aguxtin-alkhat\/\">Poursuivre la lecture <span class=\"screen-reader-text\">Aguxtin Alkhat<\/span><\/a><\/p>\n","protected":false},"author":4,"featured_media":488,"parent":479,"menu_order":0,"comment_status":"closed","ping_status":"closed","template":"elementor_header_footer","meta":{"inline_featured_image":false,"_price":"","_stock":"","_tribe_ticket_header":"","_tribe_default_ticket_provider":"","_tribe_ticket_capacity":"0","_ticket_start_date":"","_ticket_end_date":"","_tribe_ticket_show_description":"","_tribe_ticket_show_not_going":false,"_tribe_ticket_use_global_stock":"","_tribe_ticket_global_stock_level":"","_global_stock_mode":"","_global_stock_cap":"","_tribe_rsvp_for_event":"","_tribe_ticket_going_count":"","_tribe_ticket_not_going_count":"","_tribe_tickets_list":"[]","_tribe_ticket_has_attendee_info_fields":false,"footnotes":""},"class_list":["post-791","page","type-page","status-publish","has-post-thumbnail","hentry","entry"],"yoast_head":"<!-- This site is optimized with the Yoast SEO plugin v27.3 - https:\/\/yoast.com\/product\/yoast-seo-wordpress\/ -->\n<title>Aguxtin Alkhat - Usopop Diskak<\/title>\n<meta name=\"robots\" content=\"index, follow, max-snippet:-1, max-image-preview:large, max-video-preview:-1\" \/>\n<link rel=\"canonical\" href=\"https:\/\/www.usopop.com\/fr\/usopop-diskak\/artistes\/aguxtin-alkhat\/\" \/>\n<meta property=\"og:locale\" content=\"fr_FR\" \/>\n<meta property=\"og:type\" content=\"article\" \/>\n<meta property=\"og:title\" content=\"Aguxtin Alkhat - Usopop Diskak\" \/>\n<meta property=\"og:description\" content=\"AGUXTIN ALKHAT \u00a9 Loustauneau Avec un patronyme laissant deviner quelques pr\u00e9dispositions \u00e0 l\u2019\u00e9criture et un physique aux faux-airs d\u2019un certain Bob Dylan, Aguxtin Alkhat aurait un destin tout trac\u00e9 dans&hellip; Poursuivre la lecture Aguxtin Alkhat\" \/>\n<meta property=\"og:url\" content=\"https:\/\/www.usopop.com\/fr\/usopop-diskak\/artistes\/aguxtin-alkhat\/\" \/>\n<meta property=\"og:site_name\" content=\"Usopop - Festival &amp; Label\" \/>\n<meta property=\"article:modified_time\" content=\"2023-12-29T09:55:08+00:00\" \/>\n<meta property=\"og:image\" content=\"http:\/\/www.usopop.com\/fr\/wp-content\/uploads\/sites\/3\/2022\/02\/0014331522_36.jpg\" \/>\n\t<meta property=\"og:image:width\" content=\"400\" \/>\n\t<meta property=\"og:image:height\" content=\"300\" \/>\n\t<meta property=\"og:image:type\" content=\"image\/jpeg\" \/>\n<meta name=\"twitter:card\" content=\"summary_large_image\" \/>\n<meta name=\"twitter:label1\" content=\"Dur\u00e9e de lecture estim\u00e9e\" \/>\n\t<meta name=\"twitter:data1\" content=\"1 minute\" \/>\n<script type=\"application\/ld+json\" class=\"yoast-schema-graph\">{\"@context\":\"https:\\\/\\\/schema.org\",\"@graph\":[{\"@type\":\"WebPage\",\"@id\":\"https:\\\/\\\/www.usopop.com\\\/fr\\\/usopop-diskak\\\/artistes\\\/aguxtin-alkhat\\\/\",\"url\":\"https:\\\/\\\/www.usopop.com\\\/fr\\\/usopop-diskak\\\/artistes\\\/aguxtin-alkhat\\\/\",\"name\":\"Aguxtin Alkhat - Usopop Diskak\",\"isPartOf\":{\"@id\":\"https:\\\/\\\/www.usopop.com\\\/fr\\\/#website\"},\"primaryImageOfPage\":{\"@id\":\"https:\\\/\\\/www.usopop.com\\\/fr\\\/usopop-diskak\\\/artistes\\\/aguxtin-alkhat\\\/#primaryimage\"},\"image\":{\"@id\":\"https:\\\/\\\/www.usopop.com\\\/fr\\\/usopop-diskak\\\/artistes\\\/aguxtin-alkhat\\\/#primaryimage\"},\"thumbnailUrl\":\"https:\\\/\\\/www.usopop.com\\\/fr\\\/wp-content\\\/uploads\\\/sites\\\/3\\\/2022\\\/02\\\/0014331522_36.jpg\",\"datePublished\":\"2022-03-23T20:50:36+00:00\",\"dateModified\":\"2023-12-29T09:55:08+00:00\",\"breadcrumb\":{\"@id\":\"https:\\\/\\\/www.usopop.com\\\/fr\\\/usopop-diskak\\\/artistes\\\/aguxtin-alkhat\\\/#breadcrumb\"},\"inLanguage\":\"fr-FR\",\"potentialAction\":[{\"@type\":\"ReadAction\",\"target\":[\"https:\\\/\\\/www.usopop.com\\\/fr\\\/usopop-diskak\\\/artistes\\\/aguxtin-alkhat\\\/\"]}]},{\"@type\":\"ImageObject\",\"inLanguage\":\"fr-FR\",\"@id\":\"https:\\\/\\\/www.usopop.com\\\/fr\\\/usopop-diskak\\\/artistes\\\/aguxtin-alkhat\\\/#primaryimage\",\"url\":\"https:\\\/\\\/www.usopop.com\\\/fr\\\/wp-content\\\/uploads\\\/sites\\\/3\\\/2022\\\/02\\\/0014331522_36.jpg\",\"contentUrl\":\"https:\\\/\\\/www.usopop.com\\\/fr\\\/wp-content\\\/uploads\\\/sites\\\/3\\\/2022\\\/02\\\/0014331522_36.jpg\",\"width\":400,\"height\":300,\"caption\":\"Aguxtin Alkhat\"},{\"@type\":\"BreadcrumbList\",\"@id\":\"https:\\\/\\\/www.usopop.com\\\/fr\\\/usopop-diskak\\\/artistes\\\/aguxtin-alkhat\\\/#breadcrumb\",\"itemListElement\":[{\"@type\":\"ListItem\",\"position\":1,\"name\":\"Home\",\"item\":\"https:\\\/\\\/www.usopop.com\\\/fr\\\/\"},{\"@type\":\"ListItem\",\"position\":2,\"name\":\"USOPOP DISKAK\",\"item\":\"https:\\\/\\\/www.usopop.com\\\/fr\\\/usopop-diskak\\\/\"},{\"@type\":\"ListItem\",\"position\":3,\"name\":\"Artistes\",\"item\":\"https:\\\/\\\/www.usopop.com\\\/fr\\\/usopop-diskak\\\/artistes\\\/\"},{\"@type\":\"ListItem\",\"position\":4,\"name\":\"Aguxtin Alkhat\"}]},{\"@type\":\"WebSite\",\"@id\":\"https:\\\/\\\/www.usopop.com\\\/fr\\\/#website\",\"url\":\"https:\\\/\\\/www.usopop.com\\\/fr\\\/\",\"name\":\"Usopop - Festival &amp; Label\",\"description\":\"Festival et label de musique ind\u00e9pendant bas\u00e9 dans les montagnes de Sare au Pays Basque.\",\"publisher\":{\"@id\":\"https:\\\/\\\/www.usopop.com\\\/fr\\\/#organization\"},\"potentialAction\":[{\"@type\":\"SearchAction\",\"target\":{\"@type\":\"EntryPoint\",\"urlTemplate\":\"https:\\\/\\\/www.usopop.com\\\/fr\\\/?s={search_term_string}\"},\"query-input\":{\"@type\":\"PropertyValueSpecification\",\"valueRequired\":true,\"valueName\":\"search_term_string\"}}],\"inLanguage\":\"fr-FR\"},{\"@type\":\"Organization\",\"@id\":\"https:\\\/\\\/www.usopop.com\\\/fr\\\/#organization\",\"name\":\"USOPOP\",\"url\":\"https:\\\/\\\/www.usopop.com\\\/fr\\\/\",\"logo\":{\"@type\":\"ImageObject\",\"inLanguage\":\"fr-FR\",\"@id\":\"https:\\\/\\\/www.usopop.com\\\/fr\\\/#\\\/schema\\\/logo\\\/image\\\/\",\"url\":\"https:\\\/\\\/i0.wp.com\\\/www.usopop.com\\\/fr\\\/wp-content\\\/uploads\\\/sites\\\/3\\\/2020\\\/08\\\/usopop-logo.png?fit=1422%2C1852&ssl=1\",\"contentUrl\":\"https:\\\/\\\/i0.wp.com\\\/www.usopop.com\\\/fr\\\/wp-content\\\/uploads\\\/sites\\\/3\\\/2020\\\/08\\\/usopop-logo.png?fit=1422%2C1852&ssl=1\",\"width\":1422,\"height\":1852,\"caption\":\"USOPOP\"},\"image\":{\"@id\":\"https:\\\/\\\/www.usopop.com\\\/fr\\\/#\\\/schema\\\/logo\\\/image\\\/\"}}]}<\/script>\n<!-- \/ Yoast SEO plugin. -->","yoast_head_json":{"title":"Aguxtin Alkhat - Usopop Diskak","robots":{"index":"index","follow":"follow","max-snippet":"max-snippet:-1","max-image-preview":"max-image-preview:large","max-video-preview":"max-video-preview:-1"},"canonical":"https:\/\/www.usopop.com\/fr\/usopop-diskak\/artistes\/aguxtin-alkhat\/","og_locale":"fr_FR","og_type":"article","og_title":"Aguxtin Alkhat - Usopop Diskak","og_description":"AGUXTIN ALKHAT \u00a9 Loustauneau Avec un patronyme laissant deviner quelques pr\u00e9dispositions \u00e0 l\u2019\u00e9criture et un physique aux faux-airs d\u2019un certain Bob Dylan, Aguxtin Alkhat aurait un destin tout trac\u00e9 dans&hellip; Poursuivre la lecture Aguxtin Alkhat","og_url":"https:\/\/www.usopop.com\/fr\/usopop-diskak\/artistes\/aguxtin-alkhat\/","og_site_name":"Usopop - Festival &amp; Label","article_modified_time":"2023-12-29T09:55:08+00:00","og_image":[{"width":400,"height":300,"url":"http:\/\/www.usopop.com\/fr\/wp-content\/uploads\/sites\/3\/2022\/02\/0014331522_36.jpg","type":"image\/jpeg"}],"twitter_card":"summary_large_image","twitter_misc":{"Dur\u00e9e de lecture estim\u00e9e":"1 minute"},"schema":{"@context":"https:\/\/schema.org","@graph":[{"@type":"WebPage","@id":"https:\/\/www.usopop.com\/fr\/usopop-diskak\/artistes\/aguxtin-alkhat\/","url":"https:\/\/www.usopop.com\/fr\/usopop-diskak\/artistes\/aguxtin-alkhat\/","name":"Aguxtin Alkhat - Usopop Diskak","isPartOf":{"@id":"https:\/\/www.usopop.com\/fr\/#website"},"primaryImageOfPage":{"@id":"https:\/\/www.usopop.com\/fr\/usopop-diskak\/artistes\/aguxtin-alkhat\/#primaryimage"},"image":{"@id":"https:\/\/www.usopop.com\/fr\/usopop-diskak\/artistes\/aguxtin-alkhat\/#primaryimage"},"thumbnailUrl":"https:\/\/www.usopop.com\/fr\/wp-content\/uploads\/sites\/3\/2022\/02\/0014331522_36.jpg","datePublished":"2022-03-23T20:50:36+00:00","dateModified":"2023-12-29T09:55:08+00:00","breadcrumb":{"@id":"https:\/\/www.usopop.com\/fr\/usopop-diskak\/artistes\/aguxtin-alkhat\/#breadcrumb"},"inLanguage":"fr-FR","potentialAction":[{"@type":"ReadAction","target":["https:\/\/www.usopop.com\/fr\/usopop-diskak\/artistes\/aguxtin-alkhat\/"]}]},{"@type":"ImageObject","inLanguage":"fr-FR","@id":"https:\/\/www.usopop.com\/fr\/usopop-diskak\/artistes\/aguxtin-alkhat\/#primaryimage","url":"https:\/\/www.usopop.com\/fr\/wp-content\/uploads\/sites\/3\/2022\/02\/0014331522_36.jpg","contentUrl":"https:\/\/www.usopop.com\/fr\/wp-content\/uploads\/sites\/3\/2022\/02\/0014331522_36.jpg","width":400,"height":300,"caption":"Aguxtin Alkhat"},{"@type":"BreadcrumbList","@id":"https:\/\/www.usopop.com\/fr\/usopop-diskak\/artistes\/aguxtin-alkhat\/#breadcrumb","itemListElement":[{"@type":"ListItem","position":1,"name":"Home","item":"https:\/\/www.usopop.com\/fr\/"},{"@type":"ListItem","position":2,"name":"USOPOP DISKAK","item":"https:\/\/www.usopop.com\/fr\/usopop-diskak\/"},{"@type":"ListItem","position":3,"name":"Artistes","item":"https:\/\/www.usopop.com\/fr\/usopop-diskak\/artistes\/"},{"@type":"ListItem","position":4,"name":"Aguxtin Alkhat"}]},{"@type":"WebSite","@id":"https:\/\/www.usopop.com\/fr\/#website","url":"https:\/\/www.usopop.com\/fr\/","name":"Usopop - Festival &amp; Label","description":"Festival et label de musique ind\u00e9pendant bas\u00e9 dans les montagnes de Sare au Pays Basque.","publisher":{"@id":"https:\/\/www.usopop.com\/fr\/#organization"},"potentialAction":[{"@type":"SearchAction","target":{"@type":"EntryPoint","urlTemplate":"https:\/\/www.usopop.com\/fr\/?s={search_term_string}"},"query-input":{"@type":"PropertyValueSpecification","valueRequired":true,"valueName":"search_term_string"}}],"inLanguage":"fr-FR"},{"@type":"Organization","@id":"https:\/\/www.usopop.com\/fr\/#organization","name":"USOPOP","url":"https:\/\/www.usopop.com\/fr\/","logo":{"@type":"ImageObject","inLanguage":"fr-FR","@id":"https:\/\/www.usopop.com\/fr\/#\/schema\/logo\/image\/","url":"https:\/\/i0.wp.com\/www.usopop.com\/fr\/wp-content\/uploads\/sites\/3\/2020\/08\/usopop-logo.png?fit=1422%2C1852&ssl=1","contentUrl":"https:\/\/i0.wp.com\/www.usopop.com\/fr\/wp-content\/uploads\/sites\/3\/2020\/08\/usopop-logo.png?fit=1422%2C1852&ssl=1","width":1422,"height":1852,"caption":"USOPOP"},"image":{"@id":"https:\/\/www.usopop.com\/fr\/#\/schema\/logo\/image\/"}}]}},"_links":{"self":[{"href":"https:\/\/www.usopop.com\/fr\/wp-json\/wp\/v2\/pages\/791","targetHints":{"allow":["GET"]}}],"collection":[{"href":"https:\/\/www.usopop.com\/fr\/wp-json\/wp\/v2\/pages"}],"about":[{"href":"https:\/\/www.usopop.com\/fr\/wp-json\/wp\/v2\/types\/page"}],"author":[{"embeddable":true,"href":"https:\/\/www.usopop.com\/fr\/wp-json\/wp\/v2\/users\/4"}],"replies":[{"embeddable":true,"href":"https:\/\/www.usopop.com\/fr\/wp-json\/wp\/v2\/comments?post=791"}],"version-history":[{"count":25,"href":"https:\/\/www.usopop.com\/fr\/wp-json\/wp\/v2\/pages\/791\/revisions"}],"predecessor-version":[{"id":945,"href":"https:\/\/www.usopop.com\/fr\/wp-json\/wp\/v2\/pages\/791\/revisions\/945"}],"up":[{"embeddable":true,"href":"https:\/\/www.usopop.com\/fr\/wp-json\/wp\/v2\/pages\/479"}],"wp:featuredmedia":[{"embeddable":true,"href":"https:\/\/www.usopop.com\/fr\/wp-json\/wp\/v2\/media\/488"}],"wp:attachment":[{"href":"https:\/\/www.usopop.com\/fr\/wp-json\/wp\/v2\/media?parent=791"}],"curies":[{"name":"wp","href":"https:\/\/api.w.org\/{rel}","templated":true}]}}