{"id":772,"date":"2022-03-23T21:33:40","date_gmt":"2022-03-23T20:33:40","guid":{"rendered":"https:\/\/www.usopop.com\/fr\/?page_id=772"},"modified":"2023-12-29T10:55:27","modified_gmt":"2023-12-29T09:55:27","slug":"unama","status":"publish","type":"page","link":"https:\/\/www.usopop.com\/fr\/usopop-diskak\/artistes\/unama\/","title":{"rendered":"Unama"},"content":{"rendered":"\t\t<div data-elementor-type=\"wp-page\" data-elementor-id=\"772\" class=\"elementor elementor-772\">\n\t\t\t\t\t\t<section class=\"elementor-section elementor-top-section elementor-element elementor-element-6d4503cc elementor-section-boxed elementor-section-height-default elementor-section-height-default\" data-id=\"6d4503cc\" data-element_type=\"section\" data-e-type=\"section\" data-settings=\"{&quot;background_background&quot;:&quot;classic&quot;,&quot;shape_divider_top&quot;:&quot;pyramids&quot;}\">\n\t\t\t\t\t<div class=\"elementor-shape elementor-shape-top\" aria-hidden=\"true\" data-negative=\"false\">\n\t\t\t<svg xmlns=\"http:\/\/www.w3.org\/2000\/svg\" viewBox=\"0 0 1000 100\" preserveAspectRatio=\"none\">\n\t<path class=\"elementor-shape-fill\" d=\"M761.9,44.1L643.1,27.2L333.8,98L0,3.8V0l1000,0v3.9\"\/>\n<\/svg>\t\t<\/div>\n\t\t\t\t\t<div class=\"elementor-container elementor-column-gap-default\">\n\t\t\t\t\t<div class=\"elementor-column elementor-col-100 elementor-top-column elementor-element elementor-element-57ea2042\" data-id=\"57ea2042\" data-element_type=\"column\" data-e-type=\"column\">\n\t\t\t<div class=\"elementor-widget-wrap elementor-element-populated\">\n\t\t\t\t\t\t<div class=\"elementor-element elementor-element-80be840 elementor-widget elementor-widget-heading\" data-id=\"80be840\" data-element_type=\"widget\" data-e-type=\"widget\" data-widget_type=\"heading.default\">\n\t\t\t\t<div class=\"elementor-widget-container\">\n\t\t\t\t\t<h2 class=\"elementor-heading-title elementor-size-default\">UNAMA<\/h2>\t\t\t\t<\/div>\n\t\t\t\t<\/div>\n\t\t\t\t\t<\/div>\n\t\t<\/div>\n\t\t\t\t\t<\/div>\n\t\t<\/section>\n\t\t\t\t<section class=\"elementor-section elementor-top-section elementor-element elementor-element-705f0a70 elementor-section-boxed elementor-section-height-default elementor-section-height-default\" data-id=\"705f0a70\" data-element_type=\"section\" data-e-type=\"section\">\n\t\t\t\t\t\t<div class=\"elementor-container elementor-column-gap-default\">\n\t\t\t\t\t<div class=\"elementor-column elementor-col-50 elementor-top-column elementor-element elementor-element-70478740\" data-id=\"70478740\" data-element_type=\"column\" data-e-type=\"column\">\n\t\t\t<div class=\"elementor-widget-wrap elementor-element-populated\">\n\t\t\t\t\t\t<div class=\"elementor-element elementor-element-1791bbb1 elementor-widget elementor-widget-image\" data-id=\"1791bbb1\" data-element_type=\"widget\" data-e-type=\"widget\" data-widget_type=\"image.default\">\n\t\t\t\t<div class=\"elementor-widget-container\">\n\t\t\t\t\t\t\t\t\t\t\t\t\t\t\t<img fetchpriority=\"high\" decoding=\"async\" width=\"750\" height=\"375\" src=\"https:\/\/www.usopop.com\/fr\/wp-content\/uploads\/sites\/3\/2022\/03\/le-groupe-unama-a-publie-768x384.jpg\" class=\"attachment-medium_large size-medium_large wp-image-870\" alt=\"Unama\" srcset=\"https:\/\/www.usopop.com\/fr\/wp-content\/uploads\/sites\/3\/2022\/03\/le-groupe-unama-a-publie-768x384.jpg 768w, https:\/\/www.usopop.com\/fr\/wp-content\/uploads\/sites\/3\/2022\/03\/le-groupe-unama-a-publie-300x150.jpg 300w, https:\/\/www.usopop.com\/fr\/wp-content\/uploads\/sites\/3\/2022\/03\/le-groupe-unama-a-publie-600x300.jpg 600w, https:\/\/www.usopop.com\/fr\/wp-content\/uploads\/sites\/3\/2022\/03\/le-groupe-unama-a-publie.jpg 1000w\" sizes=\"(max-width: 750px) 100vw, 750px\" style=\"width:100%;height:50%;max-width:1000px\" \/>\t\t\t\t\t\t\t\t\t\t\t\t\t\t\t<\/div>\n\t\t\t\t<\/div>\n\t\t\t\t<div class=\"elementor-element elementor-element-7ea5e6a7 elementor-widget elementor-widget-heading\" data-id=\"7ea5e6a7\" data-element_type=\"widget\" data-e-type=\"widget\" data-widget_type=\"heading.default\">\n\t\t\t\t<div class=\"elementor-widget-container\">\n\t\t\t\t\t<h6 class=\"elementor-heading-title elementor-size-default\"><a href=\"https:\/\/fannymaillard.com\" target=\"_blank\" rel=\"nofollow\">\u00a9&nbsp;Photo DR<\/a><\/h6>\t\t\t\t<\/div>\n\t\t\t\t<\/div>\n\t\t\t\t<div class=\"elementor-element elementor-element-52eb94c1 elementor-view-stacked elementor-widget__width-auto elementor-shape-circle elementor-widget elementor-widget-icon\" data-id=\"52eb94c1\" data-element_type=\"widget\" data-e-type=\"widget\" data-widget_type=\"icon.default\">\n\t\t\t\t<div class=\"elementor-widget-container\">\n\t\t\t\t\t\t\t<div class=\"elementor-icon-wrapper\">\n\t\t\t<a class=\"elementor-icon\" href=\"https:\/\/www.facebook.com\/unamataldea\" target=\"_blank\" rel=\"nofollow\">\n\t\t\t<i aria-hidden=\"true\" class=\"fab fa-facebook-f\"><\/i>\t\t\t<\/a>\n\t\t<\/div>\n\t\t\t\t\t\t<\/div>\n\t\t\t\t<\/div>\n\t\t\t\t\t<\/div>\n\t\t<\/div>\n\t\t\t\t<div class=\"elementor-column elementor-col-50 elementor-top-column elementor-element elementor-element-19d6dbb\" data-id=\"19d6dbb\" data-element_type=\"column\" data-e-type=\"column\">\n\t\t\t<div class=\"elementor-widget-wrap elementor-element-populated\">\n\t\t\t\t\t\t<div class=\"elementor-element elementor-element-f3a926 elementor-widget elementor-widget-text-editor\" data-id=\"f3a926\" data-element_type=\"widget\" data-e-type=\"widget\" data-widget_type=\"text-editor.default\">\n\t\t\t\t<div class=\"elementor-widget-container\">\n\t\t\t\t\t\t\t\t\t<p><span style=\"font-size: 19.2px;\">Le groupe Unama est n\u00e9 en 2000. il est compos\u00e9 de quatre membres, tous originaires de Ciboure et tous membres de la m\u00eame famille. mais leur coh\u00e9sion va bien au-del\u00e0 des liens du sang et leur quatre voix se m\u00ealent \u00e0 merveille, accompagn\u00e9s de guitares, d\u2019accord\u00e9on, de buzuki, de fl\u00fbte et de piano.<\/span><\/p><p><span style=\"font-size: 19.2px;\">Si on sent dans leurs compositions des touches de folk, ce sont les m\u00e9lodies pop arrang\u00e9es autour de polyphonies vocales qui pr\u00e9dominent.<\/span><\/p><p><span style=\"font-size: 19.2px;\">Apr\u00e8s un premier album sorti en 2005 et une longue pause exig\u00e9e par des vies bien remplies, le groupe publie l\u2019album iduzki xuria en mars 2019 chez Usopop Diskak.<\/span><\/p><p><span style=\"font-size: 19.2px;\"><br><\/span><\/p><p><span style=\"font-size: 19.2px;\">Ils offrent ici un disque chaleureux, par un soin tout particulier port\u00e9 sur les voix et les sons des instruments. toutes les compositions sont originales, ainsi que la grande majorit\u00e9 des textes (hormis quelques po\u00e8mes anciens).<\/span><\/p>\t\t\t\t\t\t\t\t<\/div>\n\t\t\t\t<\/div>\n\t\t\t\t\t<\/div>\n\t\t<\/div>\n\t\t\t\t\t<\/div>\n\t\t<\/section>\n\t\t\t\t<section class=\"elementor-section elementor-top-section elementor-element elementor-element-79644468 elementor-section-boxed elementor-section-height-default elementor-section-height-default\" data-id=\"79644468\" data-element_type=\"section\" data-e-type=\"section\">\n\t\t\t\t\t\t<div class=\"elementor-container elementor-column-gap-default\">\n\t\t\t\t\t<div class=\"elementor-column elementor-col-100 elementor-top-column elementor-element elementor-element-65ddab92\" data-id=\"65ddab92\" data-element_type=\"column\" data-e-type=\"column\">\n\t\t\t<div class=\"elementor-widget-wrap elementor-element-populated\">\n\t\t\t\t\t\t<div class=\"elementor-element elementor-element-2f33ca19 elementor-widget elementor-widget-spacer\" data-id=\"2f33ca19\" data-element_type=\"widget\" data-e-type=\"widget\" data-widget_type=\"spacer.default\">\n\t\t\t\t<div class=\"elementor-widget-container\">\n\t\t\t\t\t\t\t<div class=\"elementor-spacer\">\n\t\t\t<div class=\"elementor-spacer-inner\"><\/div>\n\t\t<\/div>\n\t\t\t\t\t\t<\/div>\n\t\t\t\t<\/div>\n\t\t\t\t\t<\/div>\n\t\t<\/div>\n\t\t\t\t\t<\/div>\n\t\t<\/section>\n\t\t\t\t<section class=\"elementor-section elementor-top-section elementor-element elementor-element-548bb1ff elementor-section-boxed elementor-section-height-default elementor-section-height-default\" data-id=\"548bb1ff\" data-element_type=\"section\" data-e-type=\"section\">\n\t\t\t\t\t\t<div class=\"elementor-container elementor-column-gap-default\">\n\t\t\t\t\t<div class=\"elementor-column elementor-col-100 elementor-top-column elementor-element elementor-element-51635460\" data-id=\"51635460\" data-element_type=\"column\" data-e-type=\"column\">\n\t\t\t<div class=\"elementor-widget-wrap elementor-element-populated\">\n\t\t\t\t\t\t<div class=\"elementor-element elementor-element-70f3e39a elementor-widget elementor-widget-spacer\" data-id=\"70f3e39a\" data-element_type=\"widget\" data-e-type=\"widget\" data-widget_type=\"spacer.default\">\n\t\t\t\t<div class=\"elementor-widget-container\">\n\t\t\t\t\t\t\t<div class=\"elementor-spacer\">\n\t\t\t<div class=\"elementor-spacer-inner\"><\/div>\n\t\t<\/div>\n\t\t\t\t\t\t<\/div>\n\t\t\t\t<\/div>\n\t\t\t\t\t<\/div>\n\t\t<\/div>\n\t\t\t\t\t<\/div>\n\t\t<\/section>\n\t\t\t\t<section class=\"elementor-section elementor-top-section elementor-element elementor-element-578dbdf4 elementor-section-boxed elementor-section-height-default elementor-section-height-default\" data-id=\"578dbdf4\" data-element_type=\"section\" data-e-type=\"section\">\n\t\t\t\t\t\t<div class=\"elementor-container elementor-column-gap-default\">\n\t\t\t\t\t<div class=\"elementor-column elementor-col-100 elementor-top-column elementor-element elementor-element-7d7ca02\" data-id=\"7d7ca02\" data-element_type=\"column\" data-e-type=\"column\">\n\t\t\t<div class=\"elementor-widget-wrap elementor-element-populated\">\n\t\t\t\t\t\t<div class=\"elementor-element elementor-element-705fe653 elementor-widget elementor-widget-heading\" data-id=\"705fe653\" data-element_type=\"widget\" data-e-type=\"widget\" data-widget_type=\"heading.default\">\n\t\t\t\t<div class=\"elementor-widget-container\">\n\t\t\t\t\t<h3 class=\"elementor-heading-title elementor-size-default\">Sorties<\/h3>\t\t\t\t<\/div>\n\t\t\t\t<\/div>\n\t\t\t\t\t<\/div>\n\t\t<\/div>\n\t\t\t\t\t<\/div>\n\t\t<\/section>\n\t\t\t\t<section class=\"elementor-section elementor-top-section elementor-element elementor-element-207b63b6 elementor-section-boxed elementor-section-height-default elementor-section-height-default\" data-id=\"207b63b6\" data-element_type=\"section\" data-e-type=\"section\">\n\t\t\t\t\t\t<div class=\"elementor-container elementor-column-gap-default\">\n\t\t\t\t\t<div class=\"elementor-column elementor-col-100 elementor-top-column elementor-element elementor-element-14e0c986\" data-id=\"14e0c986\" data-element_type=\"column\" data-e-type=\"column\">\n\t\t\t<div class=\"elementor-widget-wrap elementor-element-populated\">\n\t\t\t\t\t\t<div class=\"elementor-element elementor-element-1450dd45 elementor-widget elementor-widget-shortcode\" data-id=\"1450dd45\" data-element_type=\"widget\" data-e-type=\"widget\" data-widget_type=\"shortcode.default\">\n\t\t\t\t<div class=\"elementor-widget-container\">\n\t\t\t\t\t\t\t<div class=\"elementor-shortcode\"><div class=\"woocommerce columns-4 \"><ul class=\"products columns-4\">\n<li class=\"entry product type-product post-685 status-publish first instock product_cat-cd product_tag-unama has-post-thumbnail downloadable shipping-taxable purchasable product-type-simple\">\n\t<a href=\"https:\/\/www.usopop.com\/fr\/produit\/iduzki-xuria-unama-cd\/\" class=\"woocommerce-LoopProduct-link woocommerce-loop-product__link\"><img decoding=\"async\" width=\"450\" height=\"450\" src=\"https:\/\/www.usopop.com\/fr\/wp-content\/uploads\/sites\/3\/2022\/02\/azala_Patrix-450x450.jpeg\" class=\"attachment-woocommerce_thumbnail size-woocommerce_thumbnail\" alt=\"Iduzki Xuria - Unama\" srcset=\"https:\/\/www.usopop.com\/fr\/wp-content\/uploads\/sites\/3\/2022\/02\/azala_Patrix-450x450.jpeg 450w, https:\/\/www.usopop.com\/fr\/wp-content\/uploads\/sites\/3\/2022\/02\/azala_Patrix-300x300.jpeg 300w, https:\/\/www.usopop.com\/fr\/wp-content\/uploads\/sites\/3\/2022\/02\/azala_Patrix-1024x1024.jpeg 1024w, https:\/\/www.usopop.com\/fr\/wp-content\/uploads\/sites\/3\/2022\/02\/azala_Patrix-150x150.jpeg 150w, https:\/\/www.usopop.com\/fr\/wp-content\/uploads\/sites\/3\/2022\/02\/azala_Patrix-768x768.jpeg 768w, https:\/\/www.usopop.com\/fr\/wp-content\/uploads\/sites\/3\/2022\/02\/azala_Patrix-1536x1536.jpeg 1536w, https:\/\/www.usopop.com\/fr\/wp-content\/uploads\/sites\/3\/2022\/02\/azala_Patrix-2048x2048.jpeg 2048w, https:\/\/www.usopop.com\/fr\/wp-content\/uploads\/sites\/3\/2022\/02\/azala_Patrix-1568x1568.jpeg 1568w, https:\/\/www.usopop.com\/fr\/wp-content\/uploads\/sites\/3\/2022\/02\/azala_Patrix-600x600.jpeg 600w, https:\/\/www.usopop.com\/fr\/wp-content\/uploads\/sites\/3\/2022\/02\/azala_Patrix-100x100.jpeg 100w\" sizes=\"(max-width: 450px) 100vw, 450px\" style=\"width:100%;height:100%;max-width:2560px;\" \/><h2 class=\"woocommerce-loop-product__title\">Iduzki Xuria &#8211; Unama &#8211; CD<\/h2>\n\t<span class=\"price\"><span class=\"woocommerce-Price-amount amount\"><bdi>12,00<span class=\"woocommerce-Price-currencySymbol\">&euro;<\/span><\/bdi><\/span><\/span>\n<\/a><a href=\"\/fr\/wp-json\/wp\/v2\/pages\/772?add-to-cart=685\" aria-describedby=\"woocommerce_loop_add_to_cart_link_describedby_685\" data-quantity=\"1\" class=\"button product_type_simple add_to_cart_button ajax_add_to_cart\" data-product_id=\"685\" data-product_sku=\"\" aria-label=\"Ajouter au panier\u00a0: &ldquo;Iduzki Xuria - Unama - CD&rdquo;\" rel=\"nofollow\" data-success_message=\"\u00ab\u00a0Iduzki Xuria - Unama - CD\u00a0\u00bb a \u00e9t\u00e9 ajout\u00e9 \u00e0 votre panier\" role=\"button\">Ajouter au panier<\/a>\t<span id=\"woocommerce_loop_add_to_cart_link_describedby_685\" class=\"screen-reader-text\">\n\t\t\t<\/span>\n<\/li>\n<\/ul>\n<\/div><\/div>\n\t\t\t\t\t\t<\/div>\n\t\t\t\t<\/div>\n\t\t\t\t\t<\/div>\n\t\t<\/div>\n\t\t\t\t\t<\/div>\n\t\t<\/section>\n\t\t\t\t<\/div>\n\t\t","protected":false},"excerpt":{"rendered":"<p>UNAMA \u00a9&nbsp;Photo DR Le groupe Unama est n\u00e9 en 2000. il est compos\u00e9 de quatre membres, tous originaires de Ciboure et tous membres de la m\u00eame famille. mais leur coh\u00e9sion&hellip; <a class=\"more-link\" href=\"https:\/\/www.usopop.com\/fr\/usopop-diskak\/artistes\/unama\/\">Poursuivre la lecture <span class=\"screen-reader-text\">Unama<\/span><\/a><\/p>\n","protected":false},"author":4,"featured_media":492,"parent":479,"menu_order":0,"comment_status":"closed","ping_status":"closed","template":"elementor_header_footer","meta":{"inline_featured_image":false,"_price":"","_stock":"","_tribe_ticket_header":"","_tribe_default_ticket_provider":"","_tribe_ticket_capacity":"0","_ticket_start_date":"","_ticket_end_date":"","_tribe_ticket_show_description":"","_tribe_ticket_show_not_going":false,"_tribe_ticket_use_global_stock":"","_tribe_ticket_global_stock_level":"","_global_stock_mode":"","_global_stock_cap":"","_tribe_rsvp_for_event":"","_tribe_ticket_going_count":"","_tribe_ticket_not_going_count":"","_tribe_tickets_list":"[]","_tribe_ticket_has_attendee_info_fields":false,"footnotes":""},"class_list":["post-772","page","type-page","status-publish","has-post-thumbnail","hentry","entry"],"yoast_head":"<!-- This site is optimized with the Yoast SEO plugin v27.3 - https:\/\/yoast.com\/product\/yoast-seo-wordpress\/ -->\n<title>Unama - Usopop Diskak<\/title>\n<meta name=\"robots\" content=\"index, follow, max-snippet:-1, max-image-preview:large, max-video-preview:-1\" \/>\n<link rel=\"canonical\" href=\"https:\/\/www.usopop.com\/fr\/usopop-diskak\/artistes\/unama\/\" \/>\n<meta property=\"og:locale\" content=\"fr_FR\" \/>\n<meta property=\"og:type\" content=\"article\" \/>\n<meta property=\"og:title\" content=\"Unama - Usopop Diskak\" \/>\n<meta property=\"og:description\" content=\"UNAMA \u00a9&nbsp;Photo DR Le groupe Unama est n\u00e9 en 2000. il est compos\u00e9 de quatre membres, tous originaires de Ciboure et tous membres de la m\u00eame famille. mais leur coh\u00e9sion&hellip; Poursuivre la lecture Unama\" \/>\n<meta property=\"og:url\" content=\"https:\/\/www.usopop.com\/fr\/usopop-diskak\/artistes\/unama\/\" \/>\n<meta property=\"og:site_name\" content=\"Usopop - Festival &amp; Label\" \/>\n<meta property=\"article:modified_time\" content=\"2023-12-29T09:55:27+00:00\" \/>\n<meta property=\"og:image\" content=\"http:\/\/www.usopop.com\/fr\/wp-content\/uploads\/sites\/3\/2022\/02\/273463631_751908632455815_2898089924983492335_n-scaled-e1644500791906.jpg\" \/>\n\t<meta property=\"og:image:width\" content=\"399\" \/>\n\t<meta property=\"og:image:height\" content=\"300\" \/>\n\t<meta property=\"og:image:type\" content=\"image\/jpeg\" \/>\n<meta name=\"twitter:card\" content=\"summary_large_image\" \/>\n<meta name=\"twitter:label1\" content=\"Dur\u00e9e de lecture estim\u00e9e\" \/>\n\t<meta name=\"twitter:data1\" content=\"1 minute\" \/>\n<script type=\"application\/ld+json\" class=\"yoast-schema-graph\">{\"@context\":\"https:\\\/\\\/schema.org\",\"@graph\":[{\"@type\":\"WebPage\",\"@id\":\"https:\\\/\\\/www.usopop.com\\\/fr\\\/usopop-diskak\\\/artistes\\\/unama\\\/\",\"url\":\"https:\\\/\\\/www.usopop.com\\\/fr\\\/usopop-diskak\\\/artistes\\\/unama\\\/\",\"name\":\"Unama - Usopop Diskak\",\"isPartOf\":{\"@id\":\"https:\\\/\\\/www.usopop.com\\\/fr\\\/#website\"},\"primaryImageOfPage\":{\"@id\":\"https:\\\/\\\/www.usopop.com\\\/fr\\\/usopop-diskak\\\/artistes\\\/unama\\\/#primaryimage\"},\"image\":{\"@id\":\"https:\\\/\\\/www.usopop.com\\\/fr\\\/usopop-diskak\\\/artistes\\\/unama\\\/#primaryimage\"},\"thumbnailUrl\":\"https:\\\/\\\/www.usopop.com\\\/fr\\\/wp-content\\\/uploads\\\/sites\\\/3\\\/2022\\\/02\\\/273463631_751908632455815_2898089924983492335_n-scaled-e1644500791906.jpg\",\"datePublished\":\"2022-03-23T20:33:40+00:00\",\"dateModified\":\"2023-12-29T09:55:27+00:00\",\"breadcrumb\":{\"@id\":\"https:\\\/\\\/www.usopop.com\\\/fr\\\/usopop-diskak\\\/artistes\\\/unama\\\/#breadcrumb\"},\"inLanguage\":\"fr-FR\",\"potentialAction\":[{\"@type\":\"ReadAction\",\"target\":[\"https:\\\/\\\/www.usopop.com\\\/fr\\\/usopop-diskak\\\/artistes\\\/unama\\\/\"]}]},{\"@type\":\"ImageObject\",\"inLanguage\":\"fr-FR\",\"@id\":\"https:\\\/\\\/www.usopop.com\\\/fr\\\/usopop-diskak\\\/artistes\\\/unama\\\/#primaryimage\",\"url\":\"https:\\\/\\\/www.usopop.com\\\/fr\\\/wp-content\\\/uploads\\\/sites\\\/3\\\/2022\\\/02\\\/273463631_751908632455815_2898089924983492335_n-scaled-e1644500791906.jpg\",\"contentUrl\":\"https:\\\/\\\/www.usopop.com\\\/fr\\\/wp-content\\\/uploads\\\/sites\\\/3\\\/2022\\\/02\\\/273463631_751908632455815_2898089924983492335_n-scaled-e1644500791906.jpg\",\"width\":399,\"height\":300,\"caption\":\"Unama\"},{\"@type\":\"BreadcrumbList\",\"@id\":\"https:\\\/\\\/www.usopop.com\\\/fr\\\/usopop-diskak\\\/artistes\\\/unama\\\/#breadcrumb\",\"itemListElement\":[{\"@type\":\"ListItem\",\"position\":1,\"name\":\"Home\",\"item\":\"https:\\\/\\\/www.usopop.com\\\/fr\\\/\"},{\"@type\":\"ListItem\",\"position\":2,\"name\":\"USOPOP DISKAK\",\"item\":\"https:\\\/\\\/www.usopop.com\\\/fr\\\/usopop-diskak\\\/\"},{\"@type\":\"ListItem\",\"position\":3,\"name\":\"Artistes\",\"item\":\"https:\\\/\\\/www.usopop.com\\\/fr\\\/usopop-diskak\\\/artistes\\\/\"},{\"@type\":\"ListItem\",\"position\":4,\"name\":\"Unama\"}]},{\"@type\":\"WebSite\",\"@id\":\"https:\\\/\\\/www.usopop.com\\\/fr\\\/#website\",\"url\":\"https:\\\/\\\/www.usopop.com\\\/fr\\\/\",\"name\":\"Usopop - Festival &amp; Label\",\"description\":\"Festival et label de musique ind\u00e9pendant bas\u00e9 dans les montagnes de Sare au Pays Basque.\",\"publisher\":{\"@id\":\"https:\\\/\\\/www.usopop.com\\\/fr\\\/#organization\"},\"potentialAction\":[{\"@type\":\"SearchAction\",\"target\":{\"@type\":\"EntryPoint\",\"urlTemplate\":\"https:\\\/\\\/www.usopop.com\\\/fr\\\/?s={search_term_string}\"},\"query-input\":{\"@type\":\"PropertyValueSpecification\",\"valueRequired\":true,\"valueName\":\"search_term_string\"}}],\"inLanguage\":\"fr-FR\"},{\"@type\":\"Organization\",\"@id\":\"https:\\\/\\\/www.usopop.com\\\/fr\\\/#organization\",\"name\":\"USOPOP\",\"url\":\"https:\\\/\\\/www.usopop.com\\\/fr\\\/\",\"logo\":{\"@type\":\"ImageObject\",\"inLanguage\":\"fr-FR\",\"@id\":\"https:\\\/\\\/www.usopop.com\\\/fr\\\/#\\\/schema\\\/logo\\\/image\\\/\",\"url\":\"https:\\\/\\\/i0.wp.com\\\/www.usopop.com\\\/fr\\\/wp-content\\\/uploads\\\/sites\\\/3\\\/2020\\\/08\\\/usopop-logo.png?fit=1422%2C1852&ssl=1\",\"contentUrl\":\"https:\\\/\\\/i0.wp.com\\\/www.usopop.com\\\/fr\\\/wp-content\\\/uploads\\\/sites\\\/3\\\/2020\\\/08\\\/usopop-logo.png?fit=1422%2C1852&ssl=1\",\"width\":1422,\"height\":1852,\"caption\":\"USOPOP\"},\"image\":{\"@id\":\"https:\\\/\\\/www.usopop.com\\\/fr\\\/#\\\/schema\\\/logo\\\/image\\\/\"}}]}<\/script>\n<!-- \/ Yoast SEO plugin. -->","yoast_head_json":{"title":"Unama - Usopop Diskak","robots":{"index":"index","follow":"follow","max-snippet":"max-snippet:-1","max-image-preview":"max-image-preview:large","max-video-preview":"max-video-preview:-1"},"canonical":"https:\/\/www.usopop.com\/fr\/usopop-diskak\/artistes\/unama\/","og_locale":"fr_FR","og_type":"article","og_title":"Unama - Usopop Diskak","og_description":"UNAMA \u00a9&nbsp;Photo DR Le groupe Unama est n\u00e9 en 2000. il est compos\u00e9 de quatre membres, tous originaires de Ciboure et tous membres de la m\u00eame famille. mais leur coh\u00e9sion&hellip; Poursuivre la lecture Unama","og_url":"https:\/\/www.usopop.com\/fr\/usopop-diskak\/artistes\/unama\/","og_site_name":"Usopop - Festival &amp; Label","article_modified_time":"2023-12-29T09:55:27+00:00","og_image":[{"width":399,"height":300,"url":"http:\/\/www.usopop.com\/fr\/wp-content\/uploads\/sites\/3\/2022\/02\/273463631_751908632455815_2898089924983492335_n-scaled-e1644500791906.jpg","type":"image\/jpeg"}],"twitter_card":"summary_large_image","twitter_misc":{"Dur\u00e9e de lecture estim\u00e9e":"1 minute"},"schema":{"@context":"https:\/\/schema.org","@graph":[{"@type":"WebPage","@id":"https:\/\/www.usopop.com\/fr\/usopop-diskak\/artistes\/unama\/","url":"https:\/\/www.usopop.com\/fr\/usopop-diskak\/artistes\/unama\/","name":"Unama - Usopop Diskak","isPartOf":{"@id":"https:\/\/www.usopop.com\/fr\/#website"},"primaryImageOfPage":{"@id":"https:\/\/www.usopop.com\/fr\/usopop-diskak\/artistes\/unama\/#primaryimage"},"image":{"@id":"https:\/\/www.usopop.com\/fr\/usopop-diskak\/artistes\/unama\/#primaryimage"},"thumbnailUrl":"https:\/\/www.usopop.com\/fr\/wp-content\/uploads\/sites\/3\/2022\/02\/273463631_751908632455815_2898089924983492335_n-scaled-e1644500791906.jpg","datePublished":"2022-03-23T20:33:40+00:00","dateModified":"2023-12-29T09:55:27+00:00","breadcrumb":{"@id":"https:\/\/www.usopop.com\/fr\/usopop-diskak\/artistes\/unama\/#breadcrumb"},"inLanguage":"fr-FR","potentialAction":[{"@type":"ReadAction","target":["https:\/\/www.usopop.com\/fr\/usopop-diskak\/artistes\/unama\/"]}]},{"@type":"ImageObject","inLanguage":"fr-FR","@id":"https:\/\/www.usopop.com\/fr\/usopop-diskak\/artistes\/unama\/#primaryimage","url":"https:\/\/www.usopop.com\/fr\/wp-content\/uploads\/sites\/3\/2022\/02\/273463631_751908632455815_2898089924983492335_n-scaled-e1644500791906.jpg","contentUrl":"https:\/\/www.usopop.com\/fr\/wp-content\/uploads\/sites\/3\/2022\/02\/273463631_751908632455815_2898089924983492335_n-scaled-e1644500791906.jpg","width":399,"height":300,"caption":"Unama"},{"@type":"BreadcrumbList","@id":"https:\/\/www.usopop.com\/fr\/usopop-diskak\/artistes\/unama\/#breadcrumb","itemListElement":[{"@type":"ListItem","position":1,"name":"Home","item":"https:\/\/www.usopop.com\/fr\/"},{"@type":"ListItem","position":2,"name":"USOPOP DISKAK","item":"https:\/\/www.usopop.com\/fr\/usopop-diskak\/"},{"@type":"ListItem","position":3,"name":"Artistes","item":"https:\/\/www.usopop.com\/fr\/usopop-diskak\/artistes\/"},{"@type":"ListItem","position":4,"name":"Unama"}]},{"@type":"WebSite","@id":"https:\/\/www.usopop.com\/fr\/#website","url":"https:\/\/www.usopop.com\/fr\/","name":"Usopop - Festival &amp; Label","description":"Festival et label de musique ind\u00e9pendant bas\u00e9 dans les montagnes de Sare au Pays Basque.","publisher":{"@id":"https:\/\/www.usopop.com\/fr\/#organization"},"potentialAction":[{"@type":"SearchAction","target":{"@type":"EntryPoint","urlTemplate":"https:\/\/www.usopop.com\/fr\/?s={search_term_string}"},"query-input":{"@type":"PropertyValueSpecification","valueRequired":true,"valueName":"search_term_string"}}],"inLanguage":"fr-FR"},{"@type":"Organization","@id":"https:\/\/www.usopop.com\/fr\/#organization","name":"USOPOP","url":"https:\/\/www.usopop.com\/fr\/","logo":{"@type":"ImageObject","inLanguage":"fr-FR","@id":"https:\/\/www.usopop.com\/fr\/#\/schema\/logo\/image\/","url":"https:\/\/i0.wp.com\/www.usopop.com\/fr\/wp-content\/uploads\/sites\/3\/2020\/08\/usopop-logo.png?fit=1422%2C1852&ssl=1","contentUrl":"https:\/\/i0.wp.com\/www.usopop.com\/fr\/wp-content\/uploads\/sites\/3\/2020\/08\/usopop-logo.png?fit=1422%2C1852&ssl=1","width":1422,"height":1852,"caption":"USOPOP"},"image":{"@id":"https:\/\/www.usopop.com\/fr\/#\/schema\/logo\/image\/"}}]}},"_links":{"self":[{"href":"https:\/\/www.usopop.com\/fr\/wp-json\/wp\/v2\/pages\/772","targetHints":{"allow":["GET"]}}],"collection":[{"href":"https:\/\/www.usopop.com\/fr\/wp-json\/wp\/v2\/pages"}],"about":[{"href":"https:\/\/www.usopop.com\/fr\/wp-json\/wp\/v2\/types\/page"}],"author":[{"embeddable":true,"href":"https:\/\/www.usopop.com\/fr\/wp-json\/wp\/v2\/users\/4"}],"replies":[{"embeddable":true,"href":"https:\/\/www.usopop.com\/fr\/wp-json\/wp\/v2\/comments?post=772"}],"version-history":[{"count":17,"href":"https:\/\/www.usopop.com\/fr\/wp-json\/wp\/v2\/pages\/772\/revisions"}],"predecessor-version":[{"id":942,"href":"https:\/\/www.usopop.com\/fr\/wp-json\/wp\/v2\/pages\/772\/revisions\/942"}],"up":[{"embeddable":true,"href":"https:\/\/www.usopop.com\/fr\/wp-json\/wp\/v2\/pages\/479"}],"wp:featuredmedia":[{"embeddable":true,"href":"https:\/\/www.usopop.com\/fr\/wp-json\/wp\/v2\/media\/492"}],"wp:attachment":[{"href":"https:\/\/www.usopop.com\/fr\/wp-json\/wp\/v2\/media?parent=772"}],"curies":[{"name":"wp","href":"https:\/\/api.w.org\/{rel}","templated":true}]}}