{"id":380,"date":"2022-02-09T19:37:57","date_gmt":"2022-02-09T18:37:57","guid":{"rendered":"https:\/\/www.usopop.com\/fr\/?page_id=380"},"modified":"2025-05-09T16:16:28","modified_gmt":"2025-05-09T14:16:28","slug":"usopop-diskak","status":"publish","type":"page","link":"https:\/\/www.usopop.com\/fr\/usopop-diskak\/","title":{"rendered":"USOPOP DISKAK"},"content":{"rendered":"\t\t<div data-elementor-type=\"wp-page\" data-elementor-id=\"380\" class=\"elementor elementor-380\">\n\t\t\t\t\t\t<section class=\"elementor-section elementor-top-section elementor-element elementor-element-8825a45 elementor-section-boxed elementor-section-height-default elementor-section-height-default\" data-id=\"8825a45\" data-element_type=\"section\" data-e-type=\"section\">\n\t\t\t\t\t\t<div class=\"elementor-container elementor-column-gap-default\">\n\t\t\t\t\t<div class=\"elementor-column elementor-col-100 elementor-top-column elementor-element elementor-element-b794de5\" data-id=\"b794de5\" data-element_type=\"column\" data-e-type=\"column\">\n\t\t\t<div class=\"elementor-widget-wrap elementor-element-populated\">\n\t\t\t\t\t\t<div class=\"elementor-element elementor-element-7268cf6 elementor-widget elementor-widget-image\" data-id=\"7268cf6\" data-element_type=\"widget\" data-e-type=\"widget\" data-widget_type=\"image.default\">\n\t\t\t\t<div class=\"elementor-widget-container\">\n\t\t\t\t\t\t\t\t\t\t\t\t\t\t\t<img decoding=\"async\" width=\"150\" height=\"150\" src=\"https:\/\/www.usopop.com\/fr\/wp-content\/uploads\/sites\/3\/2022\/02\/logo-150x150.jpg\" class=\"attachment-thumbnail size-thumbnail wp-image-445\" alt=\"USOPOP DISKAK - Label de musique ind\u00e9pendant\" srcset=\"https:\/\/www.usopop.com\/fr\/wp-content\/uploads\/sites\/3\/2022\/02\/logo-150x150.jpg 150w, https:\/\/www.usopop.com\/fr\/wp-content\/uploads\/sites\/3\/2022\/02\/logo-100x100.jpg 100w\" sizes=\"(max-width: 150px) 100vw, 150px\" style=\"width:100%;height:101.69%;max-width:177px\" \/>\t\t\t\t\t\t\t\t\t\t\t\t\t\t\t<\/div>\n\t\t\t\t<\/div>\n\t\t\t\t<div class=\"elementor-element elementor-element-0b60f75 elementor-widget elementor-widget-heading\" data-id=\"0b60f75\" data-element_type=\"widget\" data-e-type=\"widget\" data-widget_type=\"heading.default\">\n\t\t\t\t<div class=\"elementor-widget-container\">\n\t\t\t\t\t<h2 class=\"elementor-heading-title elementor-size-default\">\"Kantari Mendia\"<\/h2>\t\t\t\t<\/div>\n\t\t\t\t<\/div>\n\t\t\t\t<div class=\"elementor-element elementor-element-ac377b8 ma-au elementor-widget__width-initial elementor-widget-mobile__width-inherit elementor-widget elementor-widget-text-editor\" data-id=\"ac377b8\" data-element_type=\"widget\" data-e-type=\"widget\" data-widget_type=\"text-editor.default\">\n\t\t\t\t<div class=\"elementor-widget-container\">\n\t\t\t\t\t\t\t\t\t<p>Label ind\u00e9pendant fond\u00e9 en 2013.<\/p><p>\u00a0<\/p><p>\u00a0<\/p><p>USOPOP DISKAK est le label prolongeant sur sillons le chemin emprunt\u00e9 par le festival du m\u00eame nom \u00e0 Sare, au c\u0153ur du Pays Basque.<\/p><p>\u00a0<\/p><p>Mettre en lumi\u00e8re l&rsquo;inattendu, exp\u00e9rimenter le m\u00e9lange, donner \u00e0 \u00e9couter une sc\u00e8ne alternative d&rsquo;un pays et ses langues, sont parmi les missions fondatrices qui forment aujourd&rsquo;hui un catalogue qui dessine les contours d&rsquo;un territoire.\u00a0<\/p><p>Une photographie faite de musiques ind\u00e9pendantes aussi bien rock psych\u00e9, hardcore, neo-trad que pop a\u00e9rienne.<\/p><p>\u00a0<\/p><p>\u00a0<\/p><p>Membre de la SCPP.<\/p><p>\u00a0<\/p>\t\t\t\t\t\t\t\t<\/div>\n\t\t\t\t<\/div>\n\t\t\t\t\t<\/div>\n\t\t<\/div>\n\t\t\t\t\t<\/div>\n\t\t<\/section>\n\t\t\t\t<section class=\"elementor-section elementor-top-section elementor-element elementor-element-7769e39 elementor-section-boxed elementor-section-height-default elementor-section-height-default\" data-id=\"7769e39\" data-element_type=\"section\" data-e-type=\"section\">\n\t\t\t\t\t\t<div class=\"elementor-container elementor-column-gap-default\">\n\t\t\t\t\t<div class=\"elementor-column elementor-col-50 elementor-top-column elementor-element elementor-element-6d49729\" data-id=\"6d49729\" data-element_type=\"column\" data-e-type=\"column\">\n\t\t\t<div class=\"elementor-widget-wrap elementor-element-populated\">\n\t\t\t\t\t\t<div class=\"elementor-element elementor-element-80f89a9 elementor-widget__width-inherit elementor-invisible elementor-widget elementor-widget-heading\" data-id=\"80f89a9\" data-element_type=\"widget\" data-e-type=\"widget\" data-settings=\"{&quot;_animation&quot;:&quot;fadeIn&quot;}\" data-widget_type=\"heading.default\">\n\t\t\t\t<div class=\"elementor-widget-container\">\n\t\t\t\t\t<h2 class=\"elementor-heading-title elementor-size-default\"><a href=\"https:\/\/www.usopop.com\/fr\/usopop-diskak\/artistes\/\"><br>ARTISTES<br>\n<br><\/a><\/h2>\t\t\t\t<\/div>\n\t\t\t\t<\/div>\n\t\t\t\t\t<\/div>\n\t\t<\/div>\n\t\t\t\t<div class=\"elementor-column elementor-col-50 elementor-top-column elementor-element elementor-element-bc95774\" data-id=\"bc95774\" data-element_type=\"column\" data-e-type=\"column\">\n\t\t\t<div class=\"elementor-widget-wrap elementor-element-populated\">\n\t\t\t\t\t\t<div class=\"elementor-element elementor-element-846984e elementor-widget__width-inherit elementor-invisible elementor-widget elementor-widget-heading\" data-id=\"846984e\" data-element_type=\"widget\" data-e-type=\"widget\" data-settings=\"{&quot;_animation&quot;:&quot;fadeIn&quot;}\" data-widget_type=\"heading.default\">\n\t\t\t\t<div class=\"elementor-widget-container\">\n\t\t\t\t\t<h2 class=\"elementor-heading-title elementor-size-default\"><a href=\"https:\/\/www.usopop.com\/fr\/boutique\/\"><br>RELEASES<br>\n<br><\/a><\/h2>\t\t\t\t<\/div>\n\t\t\t\t<\/div>\n\t\t\t\t\t<\/div>\n\t\t<\/div>\n\t\t\t\t\t<\/div>\n\t\t<\/section>\n\t\t\t\t<\/div>\n\t\t","protected":false},"excerpt":{"rendered":"<p>\u00ab\u00a0Kantari Mendia\u00a0\u00bb Label ind\u00e9pendant fond\u00e9 en 2013. \u00a0 \u00a0 USOPOP DISKAK est le label prolongeant sur sillons le chemin emprunt\u00e9 par le festival du m\u00eame nom \u00e0 Sare, au c\u0153ur&hellip; <a class=\"more-link\" href=\"https:\/\/www.usopop.com\/fr\/usopop-diskak\/\">Poursuivre la lecture <span class=\"screen-reader-text\">USOPOP DISKAK<\/span><\/a><\/p>\n","protected":false},"author":4,"featured_media":360,"parent":0,"menu_order":0,"comment_status":"closed","ping_status":"closed","template":"elementor_header_footer","meta":{"inline_featured_image":false,"_price":"","_stock":"","_tribe_ticket_header":"","_tribe_default_ticket_provider":"","_tribe_ticket_capacity":"0","_ticket_start_date":"","_ticket_end_date":"","_tribe_ticket_show_description":"","_tribe_ticket_show_not_going":false,"_tribe_ticket_use_global_stock":"","_tribe_ticket_global_stock_level":"","_global_stock_mode":"","_global_stock_cap":"","_tribe_rsvp_for_event":"","_tribe_ticket_going_count":"","_tribe_ticket_not_going_count":"","_tribe_tickets_list":"[]","_tribe_ticket_has_attendee_info_fields":false,"footnotes":""},"class_list":["post-380","page","type-page","status-publish","has-post-thumbnail","hentry","entry"],"yoast_head":"<!-- This site is optimized with the Yoast SEO plugin v27.4 - https:\/\/yoast.com\/product\/yoast-seo-wordpress\/ -->\n<title>USOPOP DISKAK - Label de musique ind\u00e9pendant bas\u00e9 au Pays Basque.<\/title>\n<meta name=\"description\" content=\"Label de musique ind\u00e9pendant fond\u00e9 en 2013 et bas\u00e9 \u00e0 Sare, au Pays Basque. Nous mettons en avant la diversit\u00e9 de la sc\u00e8ne actuelle basque des deux cot\u00e9s des Pyr\u00e9n\u00e9es.\" \/>\n<meta name=\"robots\" content=\"index, follow, max-snippet:-1, max-image-preview:large, max-video-preview:-1\" \/>\n<link rel=\"canonical\" href=\"https:\/\/www.usopop.com\/fr\/usopop-diskak\/\" \/>\n<meta property=\"og:locale\" content=\"fr_FR\" \/>\n<meta property=\"og:type\" content=\"article\" \/>\n<meta property=\"og:title\" content=\"USOPOP DISKAK - Label de musique ind\u00e9pendant bas\u00e9 au Pays Basque.\" \/>\n<meta property=\"og:description\" content=\"Label de musique ind\u00e9pendant fond\u00e9 en 2013 et bas\u00e9 \u00e0 Sare, au Pays Basque. Nous mettons en avant la diversit\u00e9 de la sc\u00e8ne actuelle basque des deux cot\u00e9s des Pyr\u00e9n\u00e9es.\" \/>\n<meta property=\"og:url\" content=\"https:\/\/www.usopop.com\/fr\/usopop-diskak\/\" \/>\n<meta property=\"og:site_name\" content=\"Usopop - Festival &amp; Label\" \/>\n<meta property=\"article:modified_time\" content=\"2025-05-09T14:16:28+00:00\" \/>\n<meta property=\"og:image\" content=\"http:\/\/www.usopop.com\/fr\/wp-content\/uploads\/sites\/3\/2020\/08\/banner.jpg\" \/>\n\t<meta property=\"og:image:width\" content=\"1030\" \/>\n\t<meta property=\"og:image:height\" content=\"543\" \/>\n\t<meta property=\"og:image:type\" content=\"image\/jpeg\" \/>\n<meta name=\"twitter:card\" content=\"summary_large_image\" \/>\n<meta name=\"twitter:label1\" content=\"Dur\u00e9e de lecture estim\u00e9e\" \/>\n\t<meta name=\"twitter:data1\" content=\"1 minute\" \/>\n<script type=\"application\/ld+json\" class=\"yoast-schema-graph\">{\"@context\":\"https:\\\/\\\/schema.org\",\"@graph\":[{\"@type\":\"WebPage\",\"@id\":\"https:\\\/\\\/www.usopop.com\\\/fr\\\/usopop-diskak\\\/\",\"url\":\"https:\\\/\\\/www.usopop.com\\\/fr\\\/usopop-diskak\\\/\",\"name\":\"USOPOP DISKAK - Label de musique ind\u00e9pendant bas\u00e9 au Pays Basque.\",\"isPartOf\":{\"@id\":\"https:\\\/\\\/www.usopop.com\\\/fr\\\/#website\"},\"primaryImageOfPage\":{\"@id\":\"https:\\\/\\\/www.usopop.com\\\/fr\\\/usopop-diskak\\\/#primaryimage\"},\"image\":{\"@id\":\"https:\\\/\\\/www.usopop.com\\\/fr\\\/usopop-diskak\\\/#primaryimage\"},\"thumbnailUrl\":\"https:\\\/\\\/www.usopop.com\\\/fr\\\/wp-content\\\/uploads\\\/sites\\\/3\\\/2020\\\/08\\\/banner.jpg\",\"datePublished\":\"2022-02-09T18:37:57+00:00\",\"dateModified\":\"2025-05-09T14:16:28+00:00\",\"description\":\"Label de musique ind\u00e9pendant fond\u00e9 en 2013 et bas\u00e9 \u00e0 Sare, au Pays Basque. Nous mettons en avant la diversit\u00e9 de la sc\u00e8ne actuelle basque des deux cot\u00e9s des Pyr\u00e9n\u00e9es.\",\"breadcrumb\":{\"@id\":\"https:\\\/\\\/www.usopop.com\\\/fr\\\/usopop-diskak\\\/#breadcrumb\"},\"inLanguage\":\"fr-FR\",\"potentialAction\":[{\"@type\":\"ReadAction\",\"target\":[\"https:\\\/\\\/www.usopop.com\\\/fr\\\/usopop-diskak\\\/\"]}]},{\"@type\":\"ImageObject\",\"inLanguage\":\"fr-FR\",\"@id\":\"https:\\\/\\\/www.usopop.com\\\/fr\\\/usopop-diskak\\\/#primaryimage\",\"url\":\"https:\\\/\\\/www.usopop.com\\\/fr\\\/wp-content\\\/uploads\\\/sites\\\/3\\\/2020\\\/08\\\/banner.jpg\",\"contentUrl\":\"https:\\\/\\\/www.usopop.com\\\/fr\\\/wp-content\\\/uploads\\\/sites\\\/3\\\/2020\\\/08\\\/banner.jpg\",\"width\":1030,\"height\":543,\"caption\":\"USOPOP DISKAK\"},{\"@type\":\"BreadcrumbList\",\"@id\":\"https:\\\/\\\/www.usopop.com\\\/fr\\\/usopop-diskak\\\/#breadcrumb\",\"itemListElement\":[{\"@type\":\"ListItem\",\"position\":1,\"name\":\"Home\",\"item\":\"https:\\\/\\\/www.usopop.com\\\/fr\\\/\"},{\"@type\":\"ListItem\",\"position\":2,\"name\":\"USOPOP DISKAK\"}]},{\"@type\":\"WebSite\",\"@id\":\"https:\\\/\\\/www.usopop.com\\\/fr\\\/#website\",\"url\":\"https:\\\/\\\/www.usopop.com\\\/fr\\\/\",\"name\":\"Usopop - Festival &amp; Label\",\"description\":\"Festival et label de musique ind\u00e9pendant bas\u00e9 dans les montagnes de Sare au Pays Basque.\",\"publisher\":{\"@id\":\"https:\\\/\\\/www.usopop.com\\\/fr\\\/#organization\"},\"potentialAction\":[{\"@type\":\"SearchAction\",\"target\":{\"@type\":\"EntryPoint\",\"urlTemplate\":\"https:\\\/\\\/www.usopop.com\\\/fr\\\/?s={search_term_string}\"},\"query-input\":{\"@type\":\"PropertyValueSpecification\",\"valueRequired\":true,\"valueName\":\"search_term_string\"}}],\"inLanguage\":\"fr-FR\"},{\"@type\":\"Organization\",\"@id\":\"https:\\\/\\\/www.usopop.com\\\/fr\\\/#organization\",\"name\":\"USOPOP\",\"url\":\"https:\\\/\\\/www.usopop.com\\\/fr\\\/\",\"logo\":{\"@type\":\"ImageObject\",\"inLanguage\":\"fr-FR\",\"@id\":\"https:\\\/\\\/www.usopop.com\\\/fr\\\/#\\\/schema\\\/logo\\\/image\\\/\",\"url\":\"https:\\\/\\\/i0.wp.com\\\/www.usopop.com\\\/fr\\\/wp-content\\\/uploads\\\/sites\\\/3\\\/2020\\\/08\\\/usopop-logo.png?fit=1422%2C1852&ssl=1\",\"contentUrl\":\"https:\\\/\\\/i0.wp.com\\\/www.usopop.com\\\/fr\\\/wp-content\\\/uploads\\\/sites\\\/3\\\/2020\\\/08\\\/usopop-logo.png?fit=1422%2C1852&ssl=1\",\"width\":1422,\"height\":1852,\"caption\":\"USOPOP\"},\"image\":{\"@id\":\"https:\\\/\\\/www.usopop.com\\\/fr\\\/#\\\/schema\\\/logo\\\/image\\\/\"}}]}<\/script>\n<!-- \/ Yoast SEO plugin. -->","yoast_head_json":{"title":"USOPOP DISKAK - Label de musique ind\u00e9pendant bas\u00e9 au Pays Basque.","description":"Label de musique ind\u00e9pendant fond\u00e9 en 2013 et bas\u00e9 \u00e0 Sare, au Pays Basque. Nous mettons en avant la diversit\u00e9 de la sc\u00e8ne actuelle basque des deux cot\u00e9s des Pyr\u00e9n\u00e9es.","robots":{"index":"index","follow":"follow","max-snippet":"max-snippet:-1","max-image-preview":"max-image-preview:large","max-video-preview":"max-video-preview:-1"},"canonical":"https:\/\/www.usopop.com\/fr\/usopop-diskak\/","og_locale":"fr_FR","og_type":"article","og_title":"USOPOP DISKAK - Label de musique ind\u00e9pendant bas\u00e9 au Pays Basque.","og_description":"Label de musique ind\u00e9pendant fond\u00e9 en 2013 et bas\u00e9 \u00e0 Sare, au Pays Basque. Nous mettons en avant la diversit\u00e9 de la sc\u00e8ne actuelle basque des deux cot\u00e9s des Pyr\u00e9n\u00e9es.","og_url":"https:\/\/www.usopop.com\/fr\/usopop-diskak\/","og_site_name":"Usopop - Festival &amp; Label","article_modified_time":"2025-05-09T14:16:28+00:00","og_image":[{"width":1030,"height":543,"url":"http:\/\/www.usopop.com\/fr\/wp-content\/uploads\/sites\/3\/2020\/08\/banner.jpg","type":"image\/jpeg"}],"twitter_card":"summary_large_image","twitter_misc":{"Dur\u00e9e de lecture estim\u00e9e":"1 minute"},"schema":{"@context":"https:\/\/schema.org","@graph":[{"@type":"WebPage","@id":"https:\/\/www.usopop.com\/fr\/usopop-diskak\/","url":"https:\/\/www.usopop.com\/fr\/usopop-diskak\/","name":"USOPOP DISKAK - Label de musique ind\u00e9pendant bas\u00e9 au Pays Basque.","isPartOf":{"@id":"https:\/\/www.usopop.com\/fr\/#website"},"primaryImageOfPage":{"@id":"https:\/\/www.usopop.com\/fr\/usopop-diskak\/#primaryimage"},"image":{"@id":"https:\/\/www.usopop.com\/fr\/usopop-diskak\/#primaryimage"},"thumbnailUrl":"https:\/\/www.usopop.com\/fr\/wp-content\/uploads\/sites\/3\/2020\/08\/banner.jpg","datePublished":"2022-02-09T18:37:57+00:00","dateModified":"2025-05-09T14:16:28+00:00","description":"Label de musique ind\u00e9pendant fond\u00e9 en 2013 et bas\u00e9 \u00e0 Sare, au Pays Basque. Nous mettons en avant la diversit\u00e9 de la sc\u00e8ne actuelle basque des deux cot\u00e9s des Pyr\u00e9n\u00e9es.","breadcrumb":{"@id":"https:\/\/www.usopop.com\/fr\/usopop-diskak\/#breadcrumb"},"inLanguage":"fr-FR","potentialAction":[{"@type":"ReadAction","target":["https:\/\/www.usopop.com\/fr\/usopop-diskak\/"]}]},{"@type":"ImageObject","inLanguage":"fr-FR","@id":"https:\/\/www.usopop.com\/fr\/usopop-diskak\/#primaryimage","url":"https:\/\/www.usopop.com\/fr\/wp-content\/uploads\/sites\/3\/2020\/08\/banner.jpg","contentUrl":"https:\/\/www.usopop.com\/fr\/wp-content\/uploads\/sites\/3\/2020\/08\/banner.jpg","width":1030,"height":543,"caption":"USOPOP DISKAK"},{"@type":"BreadcrumbList","@id":"https:\/\/www.usopop.com\/fr\/usopop-diskak\/#breadcrumb","itemListElement":[{"@type":"ListItem","position":1,"name":"Home","item":"https:\/\/www.usopop.com\/fr\/"},{"@type":"ListItem","position":2,"name":"USOPOP DISKAK"}]},{"@type":"WebSite","@id":"https:\/\/www.usopop.com\/fr\/#website","url":"https:\/\/www.usopop.com\/fr\/","name":"Usopop - Festival &amp; Label","description":"Festival et label de musique ind\u00e9pendant bas\u00e9 dans les montagnes de Sare au Pays Basque.","publisher":{"@id":"https:\/\/www.usopop.com\/fr\/#organization"},"potentialAction":[{"@type":"SearchAction","target":{"@type":"EntryPoint","urlTemplate":"https:\/\/www.usopop.com\/fr\/?s={search_term_string}"},"query-input":{"@type":"PropertyValueSpecification","valueRequired":true,"valueName":"search_term_string"}}],"inLanguage":"fr-FR"},{"@type":"Organization","@id":"https:\/\/www.usopop.com\/fr\/#organization","name":"USOPOP","url":"https:\/\/www.usopop.com\/fr\/","logo":{"@type":"ImageObject","inLanguage":"fr-FR","@id":"https:\/\/www.usopop.com\/fr\/#\/schema\/logo\/image\/","url":"https:\/\/i0.wp.com\/www.usopop.com\/fr\/wp-content\/uploads\/sites\/3\/2020\/08\/usopop-logo.png?fit=1422%2C1852&ssl=1","contentUrl":"https:\/\/i0.wp.com\/www.usopop.com\/fr\/wp-content\/uploads\/sites\/3\/2020\/08\/usopop-logo.png?fit=1422%2C1852&ssl=1","width":1422,"height":1852,"caption":"USOPOP"},"image":{"@id":"https:\/\/www.usopop.com\/fr\/#\/schema\/logo\/image\/"}}]}},"_links":{"self":[{"href":"https:\/\/www.usopop.com\/fr\/wp-json\/wp\/v2\/pages\/380","targetHints":{"allow":["GET"]}}],"collection":[{"href":"https:\/\/www.usopop.com\/fr\/wp-json\/wp\/v2\/pages"}],"about":[{"href":"https:\/\/www.usopop.com\/fr\/wp-json\/wp\/v2\/types\/page"}],"author":[{"embeddable":true,"href":"https:\/\/www.usopop.com\/fr\/wp-json\/wp\/v2\/users\/4"}],"replies":[{"embeddable":true,"href":"https:\/\/www.usopop.com\/fr\/wp-json\/wp\/v2\/comments?post=380"}],"version-history":[{"count":21,"href":"https:\/\/www.usopop.com\/fr\/wp-json\/wp\/v2\/pages\/380\/revisions"}],"predecessor-version":[{"id":1490,"href":"https:\/\/www.usopop.com\/fr\/wp-json\/wp\/v2\/pages\/380\/revisions\/1490"}],"wp:featuredmedia":[{"embeddable":true,"href":"https:\/\/www.usopop.com\/fr\/wp-json\/wp\/v2\/media\/360"}],"wp:attachment":[{"href":"https:\/\/www.usopop.com\/fr\/wp-json\/wp\/v2\/media?parent=380"}],"curies":[{"name":"wp","href":"https:\/\/api.w.org\/{rel}","templated":true}]}}