{"id":365,"date":"2020-08-01T12:53:26","date_gmt":"2020-08-01T10:53:26","guid":{"rendered":"https:\/\/www.usopop.com\/fr\/?page_id=365"},"modified":"2023-12-29T10:55:07","modified_gmt":"2023-12-29T09:55:07","slug":"mapa-galduak","status":"publish","type":"page","link":"https:\/\/www.usopop.com\/fr\/mapa-galduak\/","title":{"rendered":"MAPA GALDUAK"},"content":{"rendered":"\n<figure class=\"wp-block-image size-large is-style-twentytwentyone-border\"><a href=\"https:\/\/www.usopop.com\/fr\/wp-content\/uploads\/sites\/3\/2022\/06\/286464966_451479333647084_6525267718640108247_n.jpg\"><img fetchpriority=\"high\" decoding=\"async\" width=\"733\" height=\"1024\" src=\"https:\/\/www.usopop.com\/fr\/wp-content\/uploads\/sites\/3\/2022\/06\/286464966_451479333647084_6525267718640108247_n-733x1024.jpg\" alt=\"\" class=\"wp-image-964\" srcset=\"https:\/\/www.usopop.com\/fr\/wp-content\/uploads\/sites\/3\/2022\/06\/286464966_451479333647084_6525267718640108247_n-733x1024.jpg 733w, https:\/\/www.usopop.com\/fr\/wp-content\/uploads\/sites\/3\/2022\/06\/286464966_451479333647084_6525267718640108247_n-215x300.jpg 215w, https:\/\/www.usopop.com\/fr\/wp-content\/uploads\/sites\/3\/2022\/06\/286464966_451479333647084_6525267718640108247_n-768x1073.jpg 768w, https:\/\/www.usopop.com\/fr\/wp-content\/uploads\/sites\/3\/2022\/06\/286464966_451479333647084_6525267718640108247_n-1100x1536.jpg 1100w, https:\/\/www.usopop.com\/fr\/wp-content\/uploads\/sites\/3\/2022\/06\/286464966_451479333647084_6525267718640108247_n-600x838.jpg 600w, https:\/\/www.usopop.com\/fr\/wp-content\/uploads\/sites\/3\/2022\/06\/286464966_451479333647084_6525267718640108247_n.jpg 1240w\" sizes=\"(max-width: 733px) 100vw, 733px\" \/><\/a><\/figure>\n\n\n\n<p>&#x1f39f;&#x1f39f;&#x1f39f; <strong>PR\u00c9-VENTES<\/strong> &#x1f39f;&#x1f39f;&#x1f39f;<\/p>\n\n\n\n<p><a href=\"https:\/\/my.weezevent.com\/mapa-galduak\">https:\/\/my.weezevent.com\/mapa-galduak<\/a><\/p>\n\n\n\n<p>Apr\u00e8s 10 ans sur les hauteurs de Lizarrieta, l&rsquo;association Usopop s\u2019\u00e9tait engag\u00e9e sur des pistes nouvelles d&rsquo;exploration avec un nouveau projet in\u00e9dit. Apr\u00e8s deux ans d&rsquo;attente et quelques p\u00e9rip\u00e9ties, voici enfin ce qui fait vibrer notre \u00e9nergie au c\u0153ur du village:<\/p>\n\n\n\n<p>\u263d MAPA GALDUAK &#8211; urriak 28, 29, 30 octobre \u263e<br>&#8211; Sara &#8211; Herriko plaza &amp; Lur Berri &#8211;<\/p>\n\n\n\n<p><a href=\"https:\/\/vulk.bandcamp.com\/\" target=\"_blank\" rel=\"noreferrer noopener\">VULK<\/a> \/ MUGARRI 25 \/ <a href=\"https:\/\/hermandune.net\/\" target=\"_blank\" rel=\"noreferrer noopener\">HERMAN DUNE<\/a> \/ <a href=\"https:\/\/justmustard.bandcamp.com\/\" target=\"_blank\" rel=\"noreferrer noopener\">JUST MUSTARD<\/a> \/ <a href=\"https:\/\/mursego.bandcamp.com\/\" target=\"_blank\" rel=\"noreferrer noopener\">MURSEGO<\/a> \/ <a href=\"https:\/\/tartarelena.bandcamp.com\/\" target=\"_blank\" rel=\"noreferrer noopener\">TARTA RELENA<\/a> \/ <a href=\"https:\/\/lukiek.bandcamp.com\/\" target=\"_blank\" rel=\"noreferrer noopener\">LUKIEK<\/a> \/ ZEHARKAKO BIDEAK \/ ZETKIN \/ KURTNEY BARNETX \/ NOMADAK GAITUN! \/ TIRRI &amp; TERY<\/p>\n\n\n\n<p>Des lives bien entendu, une premi\u00e8re soir\u00e9e gratuite mais surtout 2 moments forts qui donneront tout son sens \u00e0 ce nouveau rendez-vous.<br><br><img decoding=\"async\" height=\"16\" width=\"16\" src=\"https:\/\/static.xx.fbcdn.net\/images\/emoji.php\/v9\/tf0\/2\/16\/1f449.png\" alt=\"&#x1f449;\"> MUGARRI 25 : Une carte blanche \u00e0 un collectif d&rsquo;artistes compos\u00e9 des artistes du label Usopop et d&rsquo;invit\u00e9s, r\u00e9unis lors d&rsquo;une r\u00e9sidence pour une cr\u00e9ation exclusive pr\u00e9sent\u00e9e le 30 octobre : Nahia Zubeldia (<a href=\"https:\/\/www.usopop.com\/usopop-diskak\/artistak\/lumi\/\">Lumi<\/a> &amp; <a href=\"https:\/\/www.facebook.com\/unamataldea\/?__cft__[0]=AZXlpSseNeB0EsZxvXgoQXK5uTmA5oPdgr841n4exi65e6f4u8U1yAz75fzdKa4zWm0HIOeEW1HmG3VrGr_6FdxXLMAxnDEFMazd8mGYONnFfqT_DVp22WB9pcW9ouhVe_GHWL6F-jfj5o2OQEkzjPtJSnWD85zl13qQ6U3Q5C-47Q&amp;__tn__=kK-R\">Unama<\/a>) &#8211; Vincent Bestaven (<a href=\"https:\/\/www.facebook.com\/botibolonline\/?__cft__[0]=AZXlpSseNeB0EsZxvXgoQXK5uTmA5oPdgr841n4exi65e6f4u8U1yAz75fzdKa4zWm0HIOeEW1HmG3VrGr_6FdxXLMAxnDEFMazd8mGYONnFfqT_DVp22WB9pcW9ouhVe_GHWL6F-jfj5o2OQEkzjPtJSnWD85zl13qQ6U3Q5C-47Q&amp;__tn__=kK-R\">Botibol<\/a>) \u2013 <a href=\"https:\/\/www.facebook.com\/weareorbel\/?__cft__[0]=AZXlpSseNeB0EsZxvXgoQXK5uTmA5oPdgr841n4exi65e6f4u8U1yAz75fzdKa4zWm0HIOeEW1HmG3VrGr_6FdxXLMAxnDEFMazd8mGYONnFfqT_DVp22WB9pcW9ouhVe_GHWL6F-jfj5o2OQEkzjPtJSnWD85zl13qQ6U3Q5C-47Q&amp;__tn__=kK-R\">Orbel<\/a> &#8211; <a href=\"https:\/\/www.usopop.com\/usopop-diskak\/artistak\/rudiger\/\">R\u00fcdiger<\/a> &#8211; Paxkal Irigoyen &#8211; <a href=\"https:\/\/www.facebook.com\/erramouspeio?__cft__[0]=AZXlpSseNeB0EsZxvXgoQXK5uTmA5oPdgr841n4exi65e6f4u8U1yAz75fzdKa4zWm0HIOeEW1HmG3VrGr_6FdxXLMAxnDEFMazd8mGYONnFfqT_DVp22WB9pcW9ouhVe_GHWL6F-jfj5o2OQEkzjPtJSnWD85zl13qQ6U3Q5C-47Q&amp;__tn__=-]K-R\">Peio I. Erramouspe<\/a> &#8211; Gartxot Unsain (<a href=\"https:\/\/www.facebook.com\/madeleinedarrak\/?__cft__[0]=AZXlpSseNeB0EsZxvXgoQXK5uTmA5oPdgr841n4exi65e6f4u8U1yAz75fzdKa4zWm0HIOeEW1HmG3VrGr_6FdxXLMAxnDEFMazd8mGYONnFfqT_DVp22WB9pcW9ouhVe_GHWL6F-jfj5o2OQEkzjPtJSnWD85zl13qQ6U3Q5C-47Q&amp;__tn__=kK-R\">Madeleine<\/a>) &#8211; Jonas Bonetta (<a href=\"https:\/\/www.facebook.com\/eveninghymns\/?__cft__[0]=AZXlpSseNeB0EsZxvXgoQXK5uTmA5oPdgr841n4exi65e6f4u8U1yAz75fzdKa4zWm0HIOeEW1HmG3VrGr_6FdxXLMAxnDEFMazd8mGYONnFfqT_DVp22WB9pcW9ouhVe_GHWL6F-jfj5o2OQEkzjPtJSnWD85zl13qQ6U3Q5C-47Q&amp;__tn__=kK-R\">Evening Hymns<\/a>) &#8211; <a href=\"https:\/\/www.facebook.com\/AitorEtxebarriaMusic\/?__cft__[0]=AZXlpSseNeB0EsZxvXgoQXK5uTmA5oPdgr841n4exi65e6f4u8U1yAz75fzdKa4zWm0HIOeEW1HmG3VrGr_6FdxXLMAxnDEFMazd8mGYONnFfqT_DVp22WB9pcW9ouhVe_GHWL6F-jfj5o2OQEkzjPtJSnWD85zl13qQ6U3Q5C-47Q&amp;__tn__=kK-R\">Aitor Etxebarria<\/a>.<\/p>\n\n\n\n<figure class=\"wp-block-image size-large\"><a href=\"https:\/\/www.usopop.com\/fr\/wp-content\/uploads\/sites\/3\/2022\/08\/293425078_477883221006695_6192896810383235380_n.jpg\"><img decoding=\"async\" width=\"1024\" height=\"1024\" src=\"https:\/\/www.usopop.com\/fr\/wp-content\/uploads\/sites\/3\/2022\/08\/293425078_477883221006695_6192896810383235380_n-1024x1024.jpg\" alt=\"\" class=\"wp-image-991\" srcset=\"https:\/\/www.usopop.com\/fr\/wp-content\/uploads\/sites\/3\/2022\/08\/293425078_477883221006695_6192896810383235380_n-1024x1024.jpg 1024w, https:\/\/www.usopop.com\/fr\/wp-content\/uploads\/sites\/3\/2022\/08\/293425078_477883221006695_6192896810383235380_n-300x300.jpg 300w, https:\/\/www.usopop.com\/fr\/wp-content\/uploads\/sites\/3\/2022\/08\/293425078_477883221006695_6192896810383235380_n-150x150.jpg 150w, https:\/\/www.usopop.com\/fr\/wp-content\/uploads\/sites\/3\/2022\/08\/293425078_477883221006695_6192896810383235380_n-768x768.jpg 768w, https:\/\/www.usopop.com\/fr\/wp-content\/uploads\/sites\/3\/2022\/08\/293425078_477883221006695_6192896810383235380_n-450x450.jpg 450w, https:\/\/www.usopop.com\/fr\/wp-content\/uploads\/sites\/3\/2022\/08\/293425078_477883221006695_6192896810383235380_n-600x600.jpg 600w, https:\/\/www.usopop.com\/fr\/wp-content\/uploads\/sites\/3\/2022\/08\/293425078_477883221006695_6192896810383235380_n-100x100.jpg 100w, https:\/\/www.usopop.com\/fr\/wp-content\/uploads\/sites\/3\/2022\/08\/293425078_477883221006695_6192896810383235380_n.jpg 1238w\" sizes=\"(max-width: 1024px) 100vw, 1024px\" \/><\/a><\/figure>\n\n\n\n<p><img decoding=\"async\" height=\"16\" width=\"16\" src=\"https:\/\/static.xx.fbcdn.net\/images\/emoji.php\/v9\/tf0\/2\/16\/1f449.png\" alt=\"&#x1f449;\"> ZEHARKAKO BIDEAK : Un parcours secret \u00e0 travers le village le 29 octobre avec pour seule information un lieu de d\u00e9part qui vous sera transmis par courrier.<br>1 lieu = 1 artiste = 1 exp\u00e9rience.<br>(ce rendez-vous n&rsquo;est pas adapt\u00e9\/conseill\u00e9 aux enfants de moins de 14 ans)<\/p>\n\n\n\n<p>Les pass 3J sont d\u00e9j\u00e0 disponibles ici et pour le moment le seul moyen d&rsquo;acc\u00e9der \u00e0 ZEHARKAKO BIDEAK en raison de la jauge r\u00e9duite de cette exp\u00e9rience.&nbsp;<\/p>\n\n\n\n<p><img loading=\"lazy\" decoding=\"async\" height=\"16\" width=\"16\" src=\"https:\/\/static.xx.fbcdn.net\/images\/emoji.php\/v9\/t2b\/2\/16\/1f389.png\" alt=\"&#x1f389;\"> MAPA GALDUAK &#8211; 28, 29 et 30 Octobre 2022 <img loading=\"lazy\" decoding=\"async\" height=\"16\" width=\"16\" src=\"https:\/\/static.xx.fbcdn.net\/images\/emoji.php\/v9\/t2b\/2\/16\/1f389.png\" alt=\"&#x1f389;\"><\/p>\n\n\n\n<p><\/p>\n\n\n\n<p>&#x1f39f;&#x1f39f;&#x1f39f; <strong>PREVENTES<\/strong> &#x1f39f;&#x1f39f;&#x1f39f;<\/p>\n\n\n\n<p><a href=\"https:\/\/my.weezevent.com\/mapa-galduak\">https:\/\/my.weezevent.com\/mapa-galduak<\/a><\/p>\n\n\n<div class=\"wp-block-image\">\n<figure class=\"aligncenter size-large\"><a href=\"https:\/\/www.usopop.com\/fr\/wp-content\/uploads\/sites\/3\/2022\/09\/305076416_642375643973023_1889297199784732134_n.jpg\"><img loading=\"lazy\" decoding=\"async\" width=\"682\" height=\"1024\" src=\"https:\/\/www.usopop.com\/fr\/wp-content\/uploads\/sites\/3\/2022\/09\/305076416_642375643973023_1889297199784732134_n-682x1024.jpg\" alt=\"\" class=\"wp-image-1016\" srcset=\"https:\/\/www.usopop.com\/fr\/wp-content\/uploads\/sites\/3\/2022\/09\/305076416_642375643973023_1889297199784732134_n-682x1024.jpg 682w, https:\/\/www.usopop.com\/fr\/wp-content\/uploads\/sites\/3\/2022\/09\/305076416_642375643973023_1889297199784732134_n-200x300.jpg 200w, https:\/\/www.usopop.com\/fr\/wp-content\/uploads\/sites\/3\/2022\/09\/305076416_642375643973023_1889297199784732134_n-768x1152.jpg 768w, https:\/\/www.usopop.com\/fr\/wp-content\/uploads\/sites\/3\/2022\/09\/305076416_642375643973023_1889297199784732134_n-1024x1536.jpg 1024w, https:\/\/www.usopop.com\/fr\/wp-content\/uploads\/sites\/3\/2022\/09\/305076416_642375643973023_1889297199784732134_n-600x900.jpg 600w, https:\/\/www.usopop.com\/fr\/wp-content\/uploads\/sites\/3\/2022\/09\/305076416_642375643973023_1889297199784732134_n.jpg 1181w\" sizes=\"(max-width: 682px) 100vw, 682px\" \/><\/a><\/figure>\n<\/div>\n\n\n<p><a href=\"https:\/\/www.usopop.com\/fr\/mapa-galduak\/partenaires\/\">Retrouvez la liste de nos partenaires ici<\/a>.<\/p>\n\n\n\n<p><\/p>\n","protected":false},"excerpt":{"rendered":"<p>&#x1f39f;&#x1f39f;&#x1f39f; PR\u00c9-VENTES &#x1f39f;&#x1f39f;&#x1f39f; https:\/\/my.weezevent.com\/mapa-galduak Apr\u00e8s 10 ans sur les hauteurs de Lizarrieta, l&rsquo;association Usopop s\u2019\u00e9tait engag\u00e9e sur des pistes nouvelles d&rsquo;exploration avec un nouveau projet in\u00e9dit. Apr\u00e8s deux ans d&rsquo;attente&hellip; <a class=\"more-link\" href=\"https:\/\/www.usopop.com\/fr\/mapa-galduak\/\">Poursuivre la lecture <span class=\"screen-reader-text\">MAPA GALDUAK<\/span><\/a><\/p>\n","protected":false},"author":4,"featured_media":0,"parent":0,"menu_order":0,"comment_status":"closed","ping_status":"closed","template":"","meta":{"inline_featured_image":false,"_price":"","_stock":"","_tribe_ticket_header":"","_tribe_default_ticket_provider":"","_tribe_ticket_capacity":"0","_ticket_start_date":"","_ticket_end_date":"","_tribe_ticket_show_description":"","_tribe_ticket_show_not_going":false,"_tribe_ticket_use_global_stock":"","_tribe_ticket_global_stock_level":"","_global_stock_mode":"","_global_stock_cap":"","_tribe_rsvp_for_event":"","_tribe_ticket_going_count":"","_tribe_ticket_not_going_count":"","_tribe_tickets_list":"[]","_tribe_ticket_has_attendee_info_fields":false,"footnotes":""},"class_list":["post-365","page","type-page","status-publish","hentry","entry"],"yoast_head":"<!-- This site is optimized with the Yoast SEO plugin v27.4 - https:\/\/yoast.com\/product\/yoast-seo-wordpress\/ -->\n<title>MAPA GALDUAK - Festival de musique \u00e0 Sare le 29 et 30 Octobre 2022<\/title>\n<meta name=\"robots\" content=\"index, follow, max-snippet:-1, max-image-preview:large, max-video-preview:-1\" \/>\n<link rel=\"canonical\" href=\"https:\/\/www.usopop.com\/fr\/mapa-galduak\/\" \/>\n<meta property=\"og:locale\" content=\"fr_FR\" \/>\n<meta property=\"og:type\" content=\"article\" \/>\n<meta property=\"og:title\" content=\"MAPA GALDUAK - Festival de musique \u00e0 Sare le 29 et 30 Octobre 2022\" \/>\n<meta property=\"og:description\" content=\"&#x1f39f;&#x1f39f;&#x1f39f; PR\u00c9-VENTES &#x1f39f;&#x1f39f;&#x1f39f; https:\/\/my.weezevent.com\/mapa-galduak Apr\u00e8s 10 ans sur les hauteurs de Lizarrieta, l&rsquo;association Usopop s\u2019\u00e9tait engag\u00e9e sur des pistes nouvelles d&rsquo;exploration avec un nouveau projet in\u00e9dit. Apr\u00e8s deux ans d&rsquo;attente&hellip; Poursuivre la lecture MAPA GALDUAK\" \/>\n<meta property=\"og:url\" content=\"https:\/\/www.usopop.com\/fr\/mapa-galduak\/\" \/>\n<meta property=\"og:site_name\" content=\"Usopop - Festival &amp; Label\" \/>\n<meta property=\"article:modified_time\" content=\"2023-12-29T09:55:07+00:00\" \/>\n<meta property=\"og:image\" content=\"https:\/\/www.usopop.com\/fr\/wp-content\/uploads\/sites\/3\/2022\/06\/286464966_451479333647084_6525267718640108247_n-733x1024.jpg\" \/>\n<meta name=\"twitter:card\" content=\"summary_large_image\" \/>\n<meta name=\"twitter:label1\" content=\"Dur\u00e9e de lecture estim\u00e9e\" \/>\n\t<meta name=\"twitter:data1\" content=\"3 minutes\" \/>\n<script type=\"application\/ld+json\" class=\"yoast-schema-graph\">{\"@context\":\"https:\\\/\\\/schema.org\",\"@graph\":[{\"@type\":\"WebPage\",\"@id\":\"https:\\\/\\\/www.usopop.com\\\/fr\\\/mapa-galduak\\\/\",\"url\":\"https:\\\/\\\/www.usopop.com\\\/fr\\\/mapa-galduak\\\/\",\"name\":\"MAPA GALDUAK - Festival de musique \u00e0 Sare le 29 et 30 Octobre 2022\",\"isPartOf\":{\"@id\":\"https:\\\/\\\/www.usopop.com\\\/fr\\\/#website\"},\"primaryImageOfPage\":{\"@id\":\"https:\\\/\\\/www.usopop.com\\\/fr\\\/mapa-galduak\\\/#primaryimage\"},\"image\":{\"@id\":\"https:\\\/\\\/www.usopop.com\\\/fr\\\/mapa-galduak\\\/#primaryimage\"},\"thumbnailUrl\":\"https:\\\/\\\/www.usopop.com\\\/fr\\\/wp-content\\\/uploads\\\/sites\\\/3\\\/2022\\\/06\\\/286464966_451479333647084_6525267718640108247_n-733x1024.jpg\",\"datePublished\":\"2020-08-01T10:53:26+00:00\",\"dateModified\":\"2023-12-29T09:55:07+00:00\",\"breadcrumb\":{\"@id\":\"https:\\\/\\\/www.usopop.com\\\/fr\\\/mapa-galduak\\\/#breadcrumb\"},\"inLanguage\":\"fr-FR\",\"potentialAction\":[{\"@type\":\"ReadAction\",\"target\":[\"https:\\\/\\\/www.usopop.com\\\/fr\\\/mapa-galduak\\\/\"]}]},{\"@type\":\"ImageObject\",\"inLanguage\":\"fr-FR\",\"@id\":\"https:\\\/\\\/www.usopop.com\\\/fr\\\/mapa-galduak\\\/#primaryimage\",\"url\":\"https:\\\/\\\/www.usopop.com\\\/fr\\\/wp-content\\\/uploads\\\/sites\\\/3\\\/2022\\\/06\\\/286464966_451479333647084_6525267718640108247_n.jpg\",\"contentUrl\":\"https:\\\/\\\/www.usopop.com\\\/fr\\\/wp-content\\\/uploads\\\/sites\\\/3\\\/2022\\\/06\\\/286464966_451479333647084_6525267718640108247_n.jpg\",\"width\":1240,\"height\":1732},{\"@type\":\"BreadcrumbList\",\"@id\":\"https:\\\/\\\/www.usopop.com\\\/fr\\\/mapa-galduak\\\/#breadcrumb\",\"itemListElement\":[{\"@type\":\"ListItem\",\"position\":1,\"name\":\"Home\",\"item\":\"https:\\\/\\\/www.usopop.com\\\/fr\\\/\"},{\"@type\":\"ListItem\",\"position\":2,\"name\":\"MAPA GALDUAK\"}]},{\"@type\":\"WebSite\",\"@id\":\"https:\\\/\\\/www.usopop.com\\\/fr\\\/#website\",\"url\":\"https:\\\/\\\/www.usopop.com\\\/fr\\\/\",\"name\":\"Usopop - Festival &amp; Label\",\"description\":\"Festival et label de musique ind\u00e9pendant bas\u00e9 dans les montagnes de Sare au Pays Basque.\",\"publisher\":{\"@id\":\"https:\\\/\\\/www.usopop.com\\\/fr\\\/#organization\"},\"potentialAction\":[{\"@type\":\"SearchAction\",\"target\":{\"@type\":\"EntryPoint\",\"urlTemplate\":\"https:\\\/\\\/www.usopop.com\\\/fr\\\/?s={search_term_string}\"},\"query-input\":{\"@type\":\"PropertyValueSpecification\",\"valueRequired\":true,\"valueName\":\"search_term_string\"}}],\"inLanguage\":\"fr-FR\"},{\"@type\":\"Organization\",\"@id\":\"https:\\\/\\\/www.usopop.com\\\/fr\\\/#organization\",\"name\":\"USOPOP\",\"url\":\"https:\\\/\\\/www.usopop.com\\\/fr\\\/\",\"logo\":{\"@type\":\"ImageObject\",\"inLanguage\":\"fr-FR\",\"@id\":\"https:\\\/\\\/www.usopop.com\\\/fr\\\/#\\\/schema\\\/logo\\\/image\\\/\",\"url\":\"https:\\\/\\\/i0.wp.com\\\/www.usopop.com\\\/fr\\\/wp-content\\\/uploads\\\/sites\\\/3\\\/2020\\\/08\\\/usopop-logo.png?fit=1422%2C1852&ssl=1\",\"contentUrl\":\"https:\\\/\\\/i0.wp.com\\\/www.usopop.com\\\/fr\\\/wp-content\\\/uploads\\\/sites\\\/3\\\/2020\\\/08\\\/usopop-logo.png?fit=1422%2C1852&ssl=1\",\"width\":1422,\"height\":1852,\"caption\":\"USOPOP\"},\"image\":{\"@id\":\"https:\\\/\\\/www.usopop.com\\\/fr\\\/#\\\/schema\\\/logo\\\/image\\\/\"}}]}<\/script>\n<!-- \/ Yoast SEO plugin. -->","yoast_head_json":{"title":"MAPA GALDUAK - Festival de musique \u00e0 Sare le 29 et 30 Octobre 2022","robots":{"index":"index","follow":"follow","max-snippet":"max-snippet:-1","max-image-preview":"max-image-preview:large","max-video-preview":"max-video-preview:-1"},"canonical":"https:\/\/www.usopop.com\/fr\/mapa-galduak\/","og_locale":"fr_FR","og_type":"article","og_title":"MAPA GALDUAK - Festival de musique \u00e0 Sare le 29 et 30 Octobre 2022","og_description":"&#x1f39f;&#x1f39f;&#x1f39f; PR\u00c9-VENTES &#x1f39f;&#x1f39f;&#x1f39f; https:\/\/my.weezevent.com\/mapa-galduak Apr\u00e8s 10 ans sur les hauteurs de Lizarrieta, l&rsquo;association Usopop s\u2019\u00e9tait engag\u00e9e sur des pistes nouvelles d&rsquo;exploration avec un nouveau projet in\u00e9dit. Apr\u00e8s deux ans d&rsquo;attente&hellip; Poursuivre la lecture MAPA GALDUAK","og_url":"https:\/\/www.usopop.com\/fr\/mapa-galduak\/","og_site_name":"Usopop - Festival &amp; Label","article_modified_time":"2023-12-29T09:55:07+00:00","og_image":[{"url":"https:\/\/www.usopop.com\/fr\/wp-content\/uploads\/sites\/3\/2022\/06\/286464966_451479333647084_6525267718640108247_n-733x1024.jpg","type":"","width":"","height":""}],"twitter_card":"summary_large_image","twitter_misc":{"Dur\u00e9e de lecture estim\u00e9e":"3 minutes"},"schema":{"@context":"https:\/\/schema.org","@graph":[{"@type":"WebPage","@id":"https:\/\/www.usopop.com\/fr\/mapa-galduak\/","url":"https:\/\/www.usopop.com\/fr\/mapa-galduak\/","name":"MAPA GALDUAK - Festival de musique \u00e0 Sare le 29 et 30 Octobre 2022","isPartOf":{"@id":"https:\/\/www.usopop.com\/fr\/#website"},"primaryImageOfPage":{"@id":"https:\/\/www.usopop.com\/fr\/mapa-galduak\/#primaryimage"},"image":{"@id":"https:\/\/www.usopop.com\/fr\/mapa-galduak\/#primaryimage"},"thumbnailUrl":"https:\/\/www.usopop.com\/fr\/wp-content\/uploads\/sites\/3\/2022\/06\/286464966_451479333647084_6525267718640108247_n-733x1024.jpg","datePublished":"2020-08-01T10:53:26+00:00","dateModified":"2023-12-29T09:55:07+00:00","breadcrumb":{"@id":"https:\/\/www.usopop.com\/fr\/mapa-galduak\/#breadcrumb"},"inLanguage":"fr-FR","potentialAction":[{"@type":"ReadAction","target":["https:\/\/www.usopop.com\/fr\/mapa-galduak\/"]}]},{"@type":"ImageObject","inLanguage":"fr-FR","@id":"https:\/\/www.usopop.com\/fr\/mapa-galduak\/#primaryimage","url":"https:\/\/www.usopop.com\/fr\/wp-content\/uploads\/sites\/3\/2022\/06\/286464966_451479333647084_6525267718640108247_n.jpg","contentUrl":"https:\/\/www.usopop.com\/fr\/wp-content\/uploads\/sites\/3\/2022\/06\/286464966_451479333647084_6525267718640108247_n.jpg","width":1240,"height":1732},{"@type":"BreadcrumbList","@id":"https:\/\/www.usopop.com\/fr\/mapa-galduak\/#breadcrumb","itemListElement":[{"@type":"ListItem","position":1,"name":"Home","item":"https:\/\/www.usopop.com\/fr\/"},{"@type":"ListItem","position":2,"name":"MAPA GALDUAK"}]},{"@type":"WebSite","@id":"https:\/\/www.usopop.com\/fr\/#website","url":"https:\/\/www.usopop.com\/fr\/","name":"Usopop - Festival &amp; Label","description":"Festival et label de musique ind\u00e9pendant bas\u00e9 dans les montagnes de Sare au Pays Basque.","publisher":{"@id":"https:\/\/www.usopop.com\/fr\/#organization"},"potentialAction":[{"@type":"SearchAction","target":{"@type":"EntryPoint","urlTemplate":"https:\/\/www.usopop.com\/fr\/?s={search_term_string}"},"query-input":{"@type":"PropertyValueSpecification","valueRequired":true,"valueName":"search_term_string"}}],"inLanguage":"fr-FR"},{"@type":"Organization","@id":"https:\/\/www.usopop.com\/fr\/#organization","name":"USOPOP","url":"https:\/\/www.usopop.com\/fr\/","logo":{"@type":"ImageObject","inLanguage":"fr-FR","@id":"https:\/\/www.usopop.com\/fr\/#\/schema\/logo\/image\/","url":"https:\/\/i0.wp.com\/www.usopop.com\/fr\/wp-content\/uploads\/sites\/3\/2020\/08\/usopop-logo.png?fit=1422%2C1852&ssl=1","contentUrl":"https:\/\/i0.wp.com\/www.usopop.com\/fr\/wp-content\/uploads\/sites\/3\/2020\/08\/usopop-logo.png?fit=1422%2C1852&ssl=1","width":1422,"height":1852,"caption":"USOPOP"},"image":{"@id":"https:\/\/www.usopop.com\/fr\/#\/schema\/logo\/image\/"}}]}},"_links":{"self":[{"href":"https:\/\/www.usopop.com\/fr\/wp-json\/wp\/v2\/pages\/365","targetHints":{"allow":["GET"]}}],"collection":[{"href":"https:\/\/www.usopop.com\/fr\/wp-json\/wp\/v2\/pages"}],"about":[{"href":"https:\/\/www.usopop.com\/fr\/wp-json\/wp\/v2\/types\/page"}],"author":[{"embeddable":true,"href":"https:\/\/www.usopop.com\/fr\/wp-json\/wp\/v2\/users\/4"}],"replies":[{"embeddable":true,"href":"https:\/\/www.usopop.com\/fr\/wp-json\/wp\/v2\/comments?post=365"}],"version-history":[{"count":7,"href":"https:\/\/www.usopop.com\/fr\/wp-json\/wp\/v2\/pages\/365\/revisions"}],"predecessor-version":[{"id":1017,"href":"https:\/\/www.usopop.com\/fr\/wp-json\/wp\/v2\/pages\/365\/revisions\/1017"}],"wp:attachment":[{"href":"https:\/\/www.usopop.com\/fr\/wp-json\/wp\/v2\/media?parent=365"}],"curies":[{"name":"wp","href":"https:\/\/api.w.org\/{rel}","templated":true}]}}